{"id":19826,"date":"2025-08-19T07:40:07","date_gmt":"2025-08-19T07:40:07","guid":{"rendered":"https:\/\/dharmashop.de\/?post_type=product&#038;p=19826"},"modified":"2026-03-12T09:46:20","modified_gmt":"2026-03-12T09:46:20","slug":"om-die-ursprache-der-seele","status":"publish","type":"product","link":"https:\/\/dharmashop.de\/en\/produkt\/om-die-ursprache-der-seele\/","title":{"rendered":"OM \u2013 Die Ursprache der Seele"},"content":{"rendered":"","protected":false},"excerpt":{"rendered":"<p>&nbsp;<\/p>\n<p>&nbsp;<\/p>\n<p>Durch Klang und Meditation das Gehirn neu programmieren \u2013 auf Heilung , Gl\u00fcck und das h\u00f6chste Selbst \u2014 Mit Meditations-CD. Die heilige Silbe Om gilt als Urschwingung des Universums, Symbol g\u00f6ttlicher Sch\u00f6pfungskraft und wichtigster Schl\u00fcssel zur Meditation. Wie nur wenige andere Kl\u00e4nge erm\u00f6glicht sie es, mit unserem innersten Selbst in Kontakt zu treten und uns in tiefen Schichten zu transformieren. Aus dieser Erkenntnis hat der renommierte spirituelle Lehrer und Ayurvedaarzt Dr. Shri Balaji Tamb\u00e9 ein umfassendes Programm zur Harmonisierung von K\u00f6rper, Geist und Seele entwickelt. Es kombiniert ebenso einfache wie hochwirksame Heiltechniken aus dem alten Indien, die f\u00fcr die Bed\u00fcrfnisse des 21. Jahrhunderts neu aufbereitet wurden: Mantras, Om- und Feuer-Meditationen, Yoga-Energie\u00fcbungen sowie Yoga Nidra f\u00fcr erholsamen Schlaf. Zentrales Element ist dabei das altindische Sanskrit \u2013 eine \u00bbbiologische\u00ab Sprache, mit der wir unser Gehirn neu programmieren und sein Potenzial freisetzen k\u00f6nnen. Wer regelm\u00e4\u00dfig praktiziert, wird mit innerer Ruhe, ganzheitlichem Wohlbefinden und spirituellem Wachstum belohnt.<\/p>\n<p>Inklusive 1 CD, Spieldauer, ca. 60 min.<\/p>","protected":false},"featured_media":19827,"template":"","meta":[],"product_brand":[],"product_cat":[65,19],"product_tag":[],"class_list":{"0":"post-19826","1":"product","2":"type-product","3":"status-publish","4":"has-post-thumbnail","6":"product_cat-buddhismus-allgemein","7":"product_cat-buecher","8":"sales-flash-overlay","9":"woocommerce-text-align-left","10":"woocommerce-image-align-center","11":"do-quantity-buttons","13":"first","14":"instock","15":"taxable","16":"shipping-taxable","17":"purchasable","18":"product-type-simple"},"acf":[],"_links":{"self":[{"href":"https:\/\/dharmashop.de\/en\/wp-json\/wp\/v2\/product\/19826","targetHints":{"allow":["GET"]}}],"collection":[{"href":"https:\/\/dharmashop.de\/en\/wp-json\/wp\/v2\/product"}],"about":[{"href":"https:\/\/dharmashop.de\/en\/wp-json\/wp\/v2\/types\/product"}],"wp:featuredmedia":[{"embeddable":true,"href":"https:\/\/dharmashop.de\/en\/wp-json\/wp\/v2\/media\/19827"}],"wp:attachment":[{"href":"https:\/\/dharmashop.de\/en\/wp-json\/wp\/v2\/media?parent=19826"}],"wp:term":[{"taxonomy":"product_brand","embeddable":true,"href":"https:\/\/dharmashop.de\/en\/wp-json\/wp\/v2\/product_brand?post=19826"},{"taxonomy":"product_cat","embeddable":true,"href":"https:\/\/dharmashop.de\/en\/wp-json\/wp\/v2\/product_cat?post=19826"},{"taxonomy":"product_tag","embeddable":true,"href":"https:\/\/dharmashop.de\/en\/wp-json\/wp\/v2\/product_tag?post=19826"}],"curies":[{"name":"wp","href":"https:\/\/api.w.org\/{rel}","templated":true}]}}