{"id":19829,"date":"2025-08-19T07:44:24","date_gmt":"2025-08-19T07:44:24","guid":{"rendered":"https:\/\/dharmashop.de\/?post_type=product&#038;p=19829"},"modified":"2026-03-12T09:46:19","modified_gmt":"2026-03-12T09:46:19","slug":"jin-shin-jyutsu-einfache-anwendung-zur-selbsthilfe","status":"publish","type":"product","link":"https:\/\/dharmashop.de\/en\/produkt\/jin-shin-jyutsu-einfache-anwendung-zur-selbsthilfe\/","title":{"rendered":"Jin Shin Jyutsu Einfache Anwendung zur Selbsthilfe"},"content":{"rendered":"","protected":false},"excerpt":{"rendered":"<div class=\"prh-heading-h3 prh-font-shift prh-mb-5 md:prh-mb-6\">Mit Jin Shin Jyutsu zu Harmonie und innerem Gleichgewicht<\/div>\n<div class=\"prh-font-fort prh-mb-8 md:prh-mb-10 prh-transition-all prh-ease-in-out prh-duration-300\">\n<div class=\"prh-line-clamp-none prh-font-lg prh-leading-relaxed prh-mb-2.5\" data-detail-text=\"\">\n<p>Jin Shin Jyutsu ist eine traditionelle japanische Heilkunst f\u00fcr den gesunden Erhalt der Lebensenergie, die sich nach dieser Lehre in verschiedenen Tiefen von den unsichtbaren kosmischen Kr\u00e4ften bis hin zum sichtbaren K\u00f6rper zeigt. Durch das Auflegen der H\u00e4nde auf bestimmte Punkte des K\u00f6rpers, den sogenannten Sicherheitsenergieschl\u00f6ssern, setzt das heilende Str\u00f6men ein und sorgt so f\u00fcr Harmonie und ein inneres Gleichgewicht. Dieses praktische B\u00fcchlein vermittelt kompakt und anschaulich, wo sich die 26 Sicherheitsenergieschl\u00f6sser befinden und wann man sie wie aktiviert. Ideal f\u00fcr alle, die auch unterwegs nicht auf die t\u00e4gliche Anwendung von Jin Shin Jyutusu verzichten wollen.<\/p>\n<\/div>\n<\/div>","protected":false},"featured_media":19830,"template":"","meta":[],"product_brand":[],"product_cat":[65,19],"product_tag":[],"class_list":{"0":"post-19829","1":"product","2":"type-product","3":"status-publish","4":"has-post-thumbnail","6":"product_cat-buddhismus-allgemein","7":"product_cat-buecher","8":"sales-flash-overlay","9":"woocommerce-text-align-left","10":"woocommerce-image-align-center","11":"do-quantity-buttons","13":"first","14":"instock","15":"taxable","16":"shipping-taxable","17":"purchasable","18":"product-type-simple"},"acf":[],"_links":{"self":[{"href":"https:\/\/dharmashop.de\/en\/wp-json\/wp\/v2\/product\/19829","targetHints":{"allow":["GET"]}}],"collection":[{"href":"https:\/\/dharmashop.de\/en\/wp-json\/wp\/v2\/product"}],"about":[{"href":"https:\/\/dharmashop.de\/en\/wp-json\/wp\/v2\/types\/product"}],"wp:featuredmedia":[{"embeddable":true,"href":"https:\/\/dharmashop.de\/en\/wp-json\/wp\/v2\/media\/19830"}],"wp:attachment":[{"href":"https:\/\/dharmashop.de\/en\/wp-json\/wp\/v2\/media?parent=19829"}],"wp:term":[{"taxonomy":"product_brand","embeddable":true,"href":"https:\/\/dharmashop.de\/en\/wp-json\/wp\/v2\/product_brand?post=19829"},{"taxonomy":"product_cat","embeddable":true,"href":"https:\/\/dharmashop.de\/en\/wp-json\/wp\/v2\/product_cat?post=19829"},{"taxonomy":"product_tag","embeddable":true,"href":"https:\/\/dharmashop.de\/en\/wp-json\/wp\/v2\/product_tag?post=19829"}],"curies":[{"name":"wp","href":"https:\/\/api.w.org\/{rel}","templated":true}]}}