{"id":19848,"date":"2025-09-02T06:50:14","date_gmt":"2025-09-02T06:50:14","guid":{"rendered":"https:\/\/dharmashop.de\/?post_type=product&#038;p=19848"},"modified":"2026-03-12T09:46:18","modified_gmt":"2026-03-12T09:46:18","slug":"lotus-teelichthalter-rosa","status":"publish","type":"product","link":"https:\/\/dharmashop.de\/en\/produkt\/lotus-teelichthalter-rosa\/","title":{"rendered":"Lotus Teelichthalter rosa"},"content":{"rendered":"","protected":false},"excerpt":{"rendered":"<p>\u200bDer Lotus ist das Symbol f\u00fcr den Wandel von Dunkelheit in Licht, von Unwissenheit in Wissen. Der Lotus symbolisiert auch die sieben Energiezentren des menschlichen K\u00f6rpers, die sogenannten Chakren.<\/p>\n<p><em>Bitte beachten Sie: Capiz-Muscheln sind ein Naturprodukt und k\u00f6nnen kleine Unvollkommenheiten aufweisen.<\/em><\/p>\n<p><strong>Capiz Muscheln:<\/strong><br \/>\nSie sind die \u00e4u\u00dferen Schalen der Mollske (Placuna Placenta oder auch Fensterauster), einem Meeresweichtier. Capiz Muscheln sind nach ihrem urspr\u00fcnglichen Fundort, den K\u00fcstengew\u00e4ssern nahe der Stadt Capiz auf der filippinischen Insel Panay benannt. Gr\u00fcndlich gereinigt sind die Muschelw\u00e4nde von Natur aus durchscheinend und bieten &#8211; durch diverse Bemalung oder Einf\u00e4rbung &#8211; mit Hilfe von z.B einem Teelicht ein einmaliges Spiel von Licht und Farbe.<\/p>\n<div class=\"spec-item\">\n<div class=\"spec-desc\">Material<\/div>\n<div class=\"spec-value\">Muschel<\/div>\n<\/div>\n<div class=\"spec-item\">\n<div class=\"spec-desc\">Gr\u00f6\u00dfe cm<\/div>\n<div class=\"spec-value\">13.5&#215;5.5<\/div>\n<\/div>","protected":false},"featured_media":19849,"template":"","meta":[],"product_brand":[],"product_cat":[239],"product_tag":[],"class_list":{"0":"post-19848","1":"product","2":"type-product","3":"status-publish","4":"has-post-thumbnail","6":"product_cat-geschenkartikel","7":"sales-flash-overlay","8":"woocommerce-text-align-left","9":"woocommerce-image-align-center","10":"do-quantity-buttons","12":"first","13":"instock","14":"taxable","15":"shipping-taxable","16":"purchasable","17":"product-type-simple"},"acf":[],"_links":{"self":[{"href":"https:\/\/dharmashop.de\/en\/wp-json\/wp\/v2\/product\/19848","targetHints":{"allow":["GET"]}}],"collection":[{"href":"https:\/\/dharmashop.de\/en\/wp-json\/wp\/v2\/product"}],"about":[{"href":"https:\/\/dharmashop.de\/en\/wp-json\/wp\/v2\/types\/product"}],"wp:featuredmedia":[{"embeddable":true,"href":"https:\/\/dharmashop.de\/en\/wp-json\/wp\/v2\/media\/19849"}],"wp:attachment":[{"href":"https:\/\/dharmashop.de\/en\/wp-json\/wp\/v2\/media?parent=19848"}],"wp:term":[{"taxonomy":"product_brand","embeddable":true,"href":"https:\/\/dharmashop.de\/en\/wp-json\/wp\/v2\/product_brand?post=19848"},{"taxonomy":"product_cat","embeddable":true,"href":"https:\/\/dharmashop.de\/en\/wp-json\/wp\/v2\/product_cat?post=19848"},{"taxonomy":"product_tag","embeddable":true,"href":"https:\/\/dharmashop.de\/en\/wp-json\/wp\/v2\/product_tag?post=19848"}],"curies":[{"name":"wp","href":"https:\/\/api.w.org\/{rel}","templated":true}]}}