{"id":19855,"date":"2025-09-02T07:04:15","date_gmt":"2025-09-02T07:04:15","guid":{"rendered":"https:\/\/dharmashop.de\/?post_type=product&#038;p=19855"},"modified":"2026-03-12T09:46:16","modified_gmt":"2026-03-12T09:46:16","slug":"erinnert-euch-stets","status":"publish","type":"product","link":"https:\/\/dharmashop.de\/en\/produkt\/erinnert-euch-stets\/","title":{"rendered":"Erinnert euch stets!"},"content":{"rendered":"","protected":false},"excerpt":{"rendered":"<p>Khenchen Jigme Phuntsok teilt hier die Essenz seiner Lehren mit seinen Sch\u00fclern.<\/p>\n<p>Dieses Buch basiert auf den Niederschriften fr\u00fcherer Audioaufnahmen von Khenchen Jigme Phuntsoks Unterweisungen und Ratschl\u00e4gen. Sie sind in einem einfachen, unkomplizierten und sehr pers\u00f6nlichen Lehrstil verfasst. Seine Sch\u00fcler haben es aus dem Tibetischen ins Englische \u00fcbertragen und unterteilten die Texte zu Ehren des 13. Jahrestages von Kyabje Rinpoches Parinirvana in 13 Kapitel und in W\u00fcrdigung der Lebensspanne dieses gro\u00dfen Meisters in 71 Abschnitte.<\/p>\n<p>Das Buch erscheint fast zeitgleich auch im Englischen unter dem Titel: &#8222;Always Remember&#8220; und ist bereits fr\u00fcher von Khenpo Sodargye ins Chinesische \u00fcbersetzt worden. Basierend auf der chinesischen Version wird es weitere \u00dcbersetzungen geben, so u.a. ins Italienische, Spanische, Polnische, Niederl\u00e4ndische, Koreanische, Japanische und Vietnamesische.<\/p>\n<p>Wir laden unsere deutschen Leser ein, dies historische Dokument als einen Ausdruck tiefer Hingabe an die Tradition zu sehen, deren Verg\u00e4nglichkeit auch in diesem Text immer wieder durchscheint und sich in der erst kurzen, aber dennoch h\u00f6chst wechselhaften Geschichte des Ortes Larung Gar widerspiegelt.<\/p>","protected":false},"featured_media":19856,"template":"","meta":[],"product_brand":[],"product_cat":[65],"product_tag":[],"class_list":{"0":"post-19855","1":"product","2":"type-product","3":"status-publish","4":"has-post-thumbnail","6":"product_cat-buddhismus-allgemein","7":"sales-flash-overlay","8":"woocommerce-text-align-left","9":"woocommerce-image-align-center","10":"do-quantity-buttons","12":"first","13":"instock","14":"taxable","15":"shipping-taxable","16":"purchasable","17":"product-type-simple"},"acf":[],"_links":{"self":[{"href":"https:\/\/dharmashop.de\/en\/wp-json\/wp\/v2\/product\/19855","targetHints":{"allow":["GET"]}}],"collection":[{"href":"https:\/\/dharmashop.de\/en\/wp-json\/wp\/v2\/product"}],"about":[{"href":"https:\/\/dharmashop.de\/en\/wp-json\/wp\/v2\/types\/product"}],"wp:featuredmedia":[{"embeddable":true,"href":"https:\/\/dharmashop.de\/en\/wp-json\/wp\/v2\/media\/19856"}],"wp:attachment":[{"href":"https:\/\/dharmashop.de\/en\/wp-json\/wp\/v2\/media?parent=19855"}],"wp:term":[{"taxonomy":"product_brand","embeddable":true,"href":"https:\/\/dharmashop.de\/en\/wp-json\/wp\/v2\/product_brand?post=19855"},{"taxonomy":"product_cat","embeddable":true,"href":"https:\/\/dharmashop.de\/en\/wp-json\/wp\/v2\/product_cat?post=19855"},{"taxonomy":"product_tag","embeddable":true,"href":"https:\/\/dharmashop.de\/en\/wp-json\/wp\/v2\/product_tag?post=19855"}],"curies":[{"name":"wp","href":"https:\/\/api.w.org\/{rel}","templated":true}]}}