{"id":19858,"date":"2025-09-02T07:08:13","date_gmt":"2025-09-02T07:08:13","guid":{"rendered":"https:\/\/dharmashop.de\/?post_type=product&#038;p=19858"},"modified":"2026-03-12T09:46:09","modified_gmt":"2026-03-12T09:46:09","slug":"im-spiegel-des-geistes","status":"publish","type":"product","link":"https:\/\/dharmashop.de\/en\/produkt\/im-spiegel-des-geistes\/","title":{"rendered":"Im Spiegel des Geistes"},"content":{"rendered":"","protected":false},"excerpt":{"rendered":"<p>Andy Karr ist Autor, Fotograf und buddhistischer Lehrer, der uns tiefe Einblicke in den Dharma und den Geist vermittelt. Er studierte unter anderem bei Shunryu Suzuki Roshi, Ch\u00f6gyam Trungpa Rinpoche und Khenpo Ts\u00fcltrim Gyamtso und lehrt regelm\u00e4\u00dfig \u00fcber Mahayana-Meditation und -Sicht und \u00fcber Mahamudra.<\/p>\n<p>&nbsp;<\/p>\n<p>In seinem Buch \u201eIm Spiegel des Geistes\u201c verbindet Andy Karr zeitgen\u00f6ssische westliche Fragestellungen mit klassischen buddhistischen Untersuchungen zur Natur des Geistes, um den heute weitverbreiteten Materialismus zu hinterfragen. Er stellt uns einfache und wirkungsvolle Methoden f\u00fcr Studium, Kontemplation und Meditation vor, durch die wir selbst nachvollziehen k\u00f6nnen, wie unser Geist eine illusionsgleiche Welt erschafft. Auf dieser erfahrungsorientierten \u201eReise durch Geist, Materie und die Natur der Wirklichkeit\u201c, werden wir zweifellos mehr Weisheit und Mitgef\u00fchl entwickeln.<\/p>\n<p>&nbsp;<\/p>\n<p>\u201eDer Buddha lehrte, dass Freiheit durch das \u00dcberwinden von Gewohnheitsmustern und falschen Annahmen \u00fcber die Wirklichkeit erlangt wird.\u00a0<em>Im Spiegel des Geistes<\/em>\u00a0ist f\u00fcr buddhistische Praktizierende des 21. Jahrhunderts ein Wegbegleiter auf dieser gro\u00dfen Reise. Andy Karr hat zeit seines Lebens unter der Anleitung gro\u00dfer Meister wie Ch\u00f6gyam Trungpa Rinpoche studiert und praktiziert. Ich hoffe, dass Menschen der heutigen Zeit, die Buddhas Pfad zum Erwachen folgen m\u00f6chten, von seinen klaren Worten profitieren werden.\u201c<\/p>\n<p>Dzongsar Jamyang Khyentse<\/p>\n<p>Autor von\u00a0<em>In the footsteps of the Buddha\u00a0<\/em>and<em>\u00a0Life is dying<\/em><\/p>\n<p>\u200b<\/p>\n<p>\u201eWarnung: Diese leicht verst\u00e4ndliche Einf\u00fchrung in die buddhistische Philosophie k\u00f6nnte Ihre gew\u00f6hnlichen Vorstellungen \u00fcber den Geist und die Welt ins Wanken bringen. Sie k\u00f6nnte auch verschiedene theoretische Denkans\u00e4tze \u00fcber Geist und Materie zusammenf\u00fchren. Es k\u00f6nnte auch beides passieren. Gehen Sie also mit Vorsicht (und \u2013 wie immer \u2013 mit Liebe) an die Sache heran und Sie werden am Ende mit Weisheit daraus hervorgehen.\u201c<\/p>\n<p>Douglas Duckworth<\/p>\n<p>Autor von<em>\u00a0Jamgon Mipam: His Life and Teachings<\/em><\/p>\n<p>&nbsp;<\/p>\n<p><a href=\"https:\/\/cdn.webshopapp.com\/shops\/39747\/files\/478918197\/im-spiegel-des-geistes-leseprobe.pdf\" target=\"_blank\" rel=\"noopener\">Hier klicken f\u00fcr eine Leseprobe<\/a><\/p>\n<p>&nbsp;<\/p>\n<p>Andy Karr<\/p>\n<p>Im Spiegel des Geistes<\/p>\n<p>Eine buddhistische Reise durch Geist, Materie und die Natur der Wirklichkeit<\/p>\n<p>Mit einem Vorwort von Matthieu Ricard<\/p>\n<p>ISBN: 978-3-945731-37-6<\/p>\n<p>Klappenbroschur, 236 Seiten<\/p>","protected":false},"featured_media":19859,"template":"","meta":[],"product_brand":[],"product_cat":[65],"product_tag":[],"class_list":{"0":"post-19858","1":"product","2":"type-product","3":"status-publish","4":"has-post-thumbnail","6":"product_cat-buddhismus-allgemein","7":"sales-flash-overlay","8":"woocommerce-text-align-left","9":"woocommerce-image-align-center","10":"do-quantity-buttons","12":"first","13":"instock","14":"taxable","15":"shipping-taxable","16":"purchasable","17":"product-type-simple"},"acf":[],"_links":{"self":[{"href":"https:\/\/dharmashop.de\/en\/wp-json\/wp\/v2\/product\/19858","targetHints":{"allow":["GET"]}}],"collection":[{"href":"https:\/\/dharmashop.de\/en\/wp-json\/wp\/v2\/product"}],"about":[{"href":"https:\/\/dharmashop.de\/en\/wp-json\/wp\/v2\/types\/product"}],"wp:featuredmedia":[{"embeddable":true,"href":"https:\/\/dharmashop.de\/en\/wp-json\/wp\/v2\/media\/19859"}],"wp:attachment":[{"href":"https:\/\/dharmashop.de\/en\/wp-json\/wp\/v2\/media?parent=19858"}],"wp:term":[{"taxonomy":"product_brand","embeddable":true,"href":"https:\/\/dharmashop.de\/en\/wp-json\/wp\/v2\/product_brand?post=19858"},{"taxonomy":"product_cat","embeddable":true,"href":"https:\/\/dharmashop.de\/en\/wp-json\/wp\/v2\/product_cat?post=19858"},{"taxonomy":"product_tag","embeddable":true,"href":"https:\/\/dharmashop.de\/en\/wp-json\/wp\/v2\/product_tag?post=19858"}],"curies":[{"name":"wp","href":"https:\/\/api.w.org\/{rel}","templated":true}]}}