{"id":19865,"date":"2025-09-03T06:15:14","date_gmt":"2025-09-03T06:15:14","guid":{"rendered":"https:\/\/dharmashop.de\/?post_type=product&#038;p=19865"},"modified":"2026-04-27T17:15:19","modified_gmt":"2026-04-27T17:15:19","slug":"natuerliche-marseille-seife-mit-rosenbluetenblatt","status":"publish","type":"product","link":"https:\/\/dharmashop.de\/en\/produkt\/natuerliche-marseille-seife-mit-rosenbluetenblatt\/","title":{"rendered":"Nat\u00fcrliche Marseille Seife mit Rosenbl\u00fctenblatt"},"content":{"rendered":"","protected":false},"excerpt":{"rendered":"<p>Mit Mandel\u00f6l\u00a0und darum besonders sanft zur Haut!<\/p>\n<p><strong>Le Chatelard 1802 Seifen<\/strong><br \/>\nwerden ausschlie\u00dflich in unserer Werkstatt in St. Auban sur Ouv\u00e8ze in der Provence in Frankreich hergestellt. Weil unsere Seifen pH-neutral sind, trocknet die Haut nicht aus. Sie sind ein Quell von Feuchtigkeit und Weichheit. Die Seifen sind subtil parf\u00fcmiert mit Blumen, Fr\u00fcchten und anderen nat\u00fcrlichen Bestandteilen, weswegen sie \u00fcppigen Schaum produzieren, der die Haut n\u00e4hrt, hydratiert und herrlich parf\u00fcmiert.<br \/>\n<strong>\u00dcber das Produkt<\/strong><br \/>\n72% pflanzliche \u00d6le<br \/>\nNat\u00fcrliche Mineralfarbstoffe<br \/>\npH neutrale Formel<br \/>\n100% biologisch abbaubar<br \/>\nTrocknet die Haut nicht aus<br \/>\nNicht an Tieren getestet<br \/>\nEnth\u00e4lt keine Parabene, tierliche Fette, Antioxidantien, Glykolether, PEG (Polyethylenglycol) und petrochemische Derivate . Hergestellt in Frankreich<\/p>","protected":false},"featured_media":19866,"template":"","meta":[],"product_brand":[],"product_cat":[277,239],"product_tag":[],"class_list":{"0":"post-19865","1":"product","2":"type-product","3":"status-publish","4":"has-post-thumbnail","6":"product_cat-bio-koerperpflege","7":"product_cat-geschenkartikel","8":"sales-flash-overlay","9":"woocommerce-text-align-left","10":"woocommerce-image-align-center","11":"do-quantity-buttons","13":"first","14":"instock","15":"taxable","16":"shipping-taxable","17":"purchasable","18":"product-type-simple"},"acf":[],"_links":{"self":[{"href":"https:\/\/dharmashop.de\/en\/wp-json\/wp\/v2\/product\/19865","targetHints":{"allow":["GET"]}}],"collection":[{"href":"https:\/\/dharmashop.de\/en\/wp-json\/wp\/v2\/product"}],"about":[{"href":"https:\/\/dharmashop.de\/en\/wp-json\/wp\/v2\/types\/product"}],"wp:featuredmedia":[{"embeddable":true,"href":"https:\/\/dharmashop.de\/en\/wp-json\/wp\/v2\/media\/19866"}],"wp:attachment":[{"href":"https:\/\/dharmashop.de\/en\/wp-json\/wp\/v2\/media?parent=19865"}],"wp:term":[{"taxonomy":"product_brand","embeddable":true,"href":"https:\/\/dharmashop.de\/en\/wp-json\/wp\/v2\/product_brand?post=19865"},{"taxonomy":"product_cat","embeddable":true,"href":"https:\/\/dharmashop.de\/en\/wp-json\/wp\/v2\/product_cat?post=19865"},{"taxonomy":"product_tag","embeddable":true,"href":"https:\/\/dharmashop.de\/en\/wp-json\/wp\/v2\/product_tag?post=19865"}],"curies":[{"name":"wp","href":"https:\/\/api.w.org\/{rel}","templated":true}]}}