{"id":19892,"date":"2025-09-17T07:27:01","date_gmt":"2025-09-17T07:27:01","guid":{"rendered":"https:\/\/dharmashop.de\/?post_type=product&#038;p=19892"},"modified":"2026-04-04T11:55:57","modified_gmt":"2026-04-04T11:55:57","slug":"padmasambhava-incense","status":"publish","type":"product","link":"https:\/\/dharmashop.de\/en\/produkt\/padmasambhava-incense\/","title":{"rendered":"Padmasambhava Incense"},"content":{"rendered":"","protected":false},"excerpt":{"rendered":"<p>Tibetischer Weihrauch aus H\u00f6lzern und Pflanzen auf nat\u00fcrliche und \u00f6kologische Weise hergestellt. Weihrauch, der Padmasambhava, dem gro\u00dfen Guru, der f\u00fcr die Einf\u00fchrung des Buddhismus in Tibet verantwortlich ist, dargebracht wird. Inhalt: 28 langanhaltende St\u00e4bchen (mehr als eine Stunde) Hergestellt in Nepal<\/p>","protected":false},"featured_media":19893,"template":"","meta":[],"product_brand":[],"product_cat":[247],"product_tag":[],"class_list":{"0":"post-19892","1":"product","2":"type-product","3":"status-publish","4":"has-post-thumbnail","6":"product_cat-raeucherstaebchenraeucherwerk","7":"sales-flash-overlay","8":"woocommerce-text-align-left","9":"woocommerce-image-align-center","10":"do-quantity-buttons","12":"first","13":"outofstock","14":"taxable","15":"shipping-taxable","16":"purchasable","17":"product-type-simple"},"acf":[],"_links":{"self":[{"href":"https:\/\/dharmashop.de\/en\/wp-json\/wp\/v2\/product\/19892","targetHints":{"allow":["GET"]}}],"collection":[{"href":"https:\/\/dharmashop.de\/en\/wp-json\/wp\/v2\/product"}],"about":[{"href":"https:\/\/dharmashop.de\/en\/wp-json\/wp\/v2\/types\/product"}],"wp:featuredmedia":[{"embeddable":true,"href":"https:\/\/dharmashop.de\/en\/wp-json\/wp\/v2\/media\/19893"}],"wp:attachment":[{"href":"https:\/\/dharmashop.de\/en\/wp-json\/wp\/v2\/media?parent=19892"}],"wp:term":[{"taxonomy":"product_brand","embeddable":true,"href":"https:\/\/dharmashop.de\/en\/wp-json\/wp\/v2\/product_brand?post=19892"},{"taxonomy":"product_cat","embeddable":true,"href":"https:\/\/dharmashop.de\/en\/wp-json\/wp\/v2\/product_cat?post=19892"},{"taxonomy":"product_tag","embeddable":true,"href":"https:\/\/dharmashop.de\/en\/wp-json\/wp\/v2\/product_tag?post=19892"}],"curies":[{"name":"wp","href":"https:\/\/api.w.org\/{rel}","templated":true}]}}