{"id":19895,"date":"2025-09-17T07:34:23","date_gmt":"2025-09-17T07:34:23","guid":{"rendered":"https:\/\/dharmashop.de\/?post_type=product&#038;p=19895"},"modified":"2026-03-12T09:46:03","modified_gmt":"2026-03-12T09:46:03","slug":"smudgespray-weisser-salbei-lavendel-aromafume","status":"publish","type":"product","link":"https:\/\/dharmashop.de\/en\/produkt\/smudgespray-weisser-salbei-lavendel-aromafume\/","title":{"rendered":"Smudgespray Wei\u00dfer Salbei &amp; Lavendel Aromafume"},"content":{"rendered":"","protected":false},"excerpt":{"rendered":"<p>Befreien Sie sich von stagnierender Energie und reinigen Sie Ihr Zuhause mit dem\u00a0nat\u00fcrlichem Spray von Aromafume mit wei\u00dfem Salbei. Dieses heilige Spray bietet alle Eigenschaften des Smudgens, jedoch ohne Rauch. Es hinterl\u00e4sst einen angenehmen\u00a0Duft\u00a0im Raum, wodurch sie wieder ein Gef\u00fchl von Entspannung und Frische erfahren.<\/p>\n<p>Verpackt zu 3 St\u00fcck, der angegebene Preis gilt pro St\u00fcck.<\/p>\n<p><strong>\u00dcber das Produkt<\/strong><br \/>\nNat\u00fcrliches Smudgespray\u00a0Wei\u00dfer Salbei und Lavendel<br \/>\nReinigend und entspannend<br \/>\nZur Reinigung der Aura\u00a0oder als Raumspray, bzw. Lufterfrischer zu gebrauchen<br \/>\nF\u00fcr zu Hause oder unterwegs<br \/>\nUmweltfreundlich, FCKW-frei, nicht ozonsch\u00e4dlich<br \/>\nOhne Phthalate und\u00a0Parabene<br \/>\nWiederverwend-\u00a0und recycelbare Flasche<\/p>","protected":false},"featured_media":19896,"template":"","meta":[],"product_brand":[],"product_cat":[239],"product_tag":[],"class_list":{"0":"post-19895","1":"product","2":"type-product","3":"status-publish","4":"has-post-thumbnail","6":"product_cat-geschenkartikel","7":"sales-flash-overlay","8":"woocommerce-text-align-left","9":"woocommerce-image-align-center","10":"do-quantity-buttons","12":"first","13":"instock","14":"taxable","15":"shipping-taxable","16":"purchasable","17":"product-type-simple"},"acf":[],"_links":{"self":[{"href":"https:\/\/dharmashop.de\/en\/wp-json\/wp\/v2\/product\/19895","targetHints":{"allow":["GET"]}}],"collection":[{"href":"https:\/\/dharmashop.de\/en\/wp-json\/wp\/v2\/product"}],"about":[{"href":"https:\/\/dharmashop.de\/en\/wp-json\/wp\/v2\/types\/product"}],"wp:featuredmedia":[{"embeddable":true,"href":"https:\/\/dharmashop.de\/en\/wp-json\/wp\/v2\/media\/19896"}],"wp:attachment":[{"href":"https:\/\/dharmashop.de\/en\/wp-json\/wp\/v2\/media?parent=19895"}],"wp:term":[{"taxonomy":"product_brand","embeddable":true,"href":"https:\/\/dharmashop.de\/en\/wp-json\/wp\/v2\/product_brand?post=19895"},{"taxonomy":"product_cat","embeddable":true,"href":"https:\/\/dharmashop.de\/en\/wp-json\/wp\/v2\/product_cat?post=19895"},{"taxonomy":"product_tag","embeddable":true,"href":"https:\/\/dharmashop.de\/en\/wp-json\/wp\/v2\/product_tag?post=19895"}],"curies":[{"name":"wp","href":"https:\/\/api.w.org\/{rel}","templated":true}]}}