{"id":19909,"date":"2025-09-18T07:35:42","date_gmt":"2025-09-18T07:35:42","guid":{"rendered":"https:\/\/dharmashop.de\/?post_type=product&#038;p=19909"},"modified":"2026-03-12T09:46:00","modified_gmt":"2026-03-12T09:46:00","slug":"blankbook-magie","status":"publish","type":"product","link":"https:\/\/dharmashop.de\/en\/produkt\/blankbook-magie\/","title":{"rendered":"Blankbook Magie"},"content":{"rendered":"","protected":false},"excerpt":{"rendered":"<p>Blankbook gross klassische Buchbindung, Fadenheftung, Leseb\u00e4ndchen und liniertes Einlegeblatt ca. 140 leere wei\u00dfe Seiten Format 18,2\u00d723 cm<\/p>","protected":false},"featured_media":19910,"template":"","meta":[],"product_brand":[],"product_cat":[239],"product_tag":[],"class_list":{"0":"post-19909","1":"product","2":"type-product","3":"status-publish","4":"has-post-thumbnail","6":"product_cat-geschenkartikel","7":"sales-flash-overlay","8":"woocommerce-text-align-left","9":"woocommerce-image-align-center","10":"do-quantity-buttons","12":"first","13":"instock","14":"taxable","15":"shipping-taxable","16":"purchasable","17":"product-type-simple"},"acf":[],"_links":{"self":[{"href":"https:\/\/dharmashop.de\/en\/wp-json\/wp\/v2\/product\/19909","targetHints":{"allow":["GET"]}}],"collection":[{"href":"https:\/\/dharmashop.de\/en\/wp-json\/wp\/v2\/product"}],"about":[{"href":"https:\/\/dharmashop.de\/en\/wp-json\/wp\/v2\/types\/product"}],"wp:featuredmedia":[{"embeddable":true,"href":"https:\/\/dharmashop.de\/en\/wp-json\/wp\/v2\/media\/19910"}],"wp:attachment":[{"href":"https:\/\/dharmashop.de\/en\/wp-json\/wp\/v2\/media?parent=19909"}],"wp:term":[{"taxonomy":"product_brand","embeddable":true,"href":"https:\/\/dharmashop.de\/en\/wp-json\/wp\/v2\/product_brand?post=19909"},{"taxonomy":"product_cat","embeddable":true,"href":"https:\/\/dharmashop.de\/en\/wp-json\/wp\/v2\/product_cat?post=19909"},{"taxonomy":"product_tag","embeddable":true,"href":"https:\/\/dharmashop.de\/en\/wp-json\/wp\/v2\/product_tag?post=19909"}],"curies":[{"name":"wp","href":"https:\/\/api.w.org\/{rel}","templated":true}]}}