{"id":19961,"date":"2025-09-26T07:26:36","date_gmt":"2025-09-26T07:26:36","guid":{"rendered":"https:\/\/dharmashop.de\/?post_type=product&#038;p=19961"},"modified":"2026-03-12T09:45:58","modified_gmt":"2026-03-12T09:45:58","slug":"grundlagen-des-buddhismus","status":"publish","type":"product","link":"https:\/\/dharmashop.de\/en\/produkt\/grundlagen-des-buddhismus\/","title":{"rendered":"Grundlagen des Buddhismus"},"content":{"rendered":"","protected":false},"excerpt":{"rendered":"<p>Fred von Allmen, Tilmann Lh\u00fcndrup Borghardt<\/p>\n<h2 class=\"fusion-responsive-typography-calculated\" data-fontsize=\"16\" data-lineheight=\"27.04px\"><strong>Grundlagen des Buddhismus<\/strong><\/h2>\n<p>&nbsp;<\/p>\n<p>Mit einem Vorwort von Jack Kornfield<\/p>\n<p>&nbsp;<\/p>\n<p>Erweiterte Neuausgabe von:<br \/>\n<strong>Buddhismus: Lehren \u2013 Praxis \u2013 Meditation<br \/>\n<\/strong>(erschienen im Theseus Verlag)<\/p>\n<p>&nbsp;<\/p>\n<p>Dieses praxisbezogene Handbuch des Buddhismus vermittelt die zentralen Aspekte der buddhistischen Lehren in ihren traditionellen wie in ihren zeitgem\u00e4\u00dfen Formen. Fred von Allmen und Tilmann Lh\u00fcndrup folgen der Entwicklung der buddhistischen Lehre und Praxis von den indischen Wurzeln bis zu ihrer Verbreitung nach S\u00fcdosten als Therav\u0101da, nach Norden als Mah\u0101y\u0101na und tibetisches Vajray\u0101na, und skizzieren die Perspektiven des heutigen Buddhismus im Westen.<span class=\"Apple-converted-space\">\u00a0<\/span><\/p>\n<p>Im Zentrum des Buches steht die Befreiung von Geist und Herz, wie sie von Buddha und den gro\u00dfen buddhistischen Meistern und Meisterinnen durch die Jahrhunderte vermittelt wurde. Den Autoren geht es nicht um eine akademische Betrachtung, sondern sie zeigen, wie wir hier und heute diese Lehren nutzbringend anwenden k\u00f6nnen. So ist ihr Buch der ideale Reisef\u00fchrer f\u00fcr Menschen, die sich auf diesen Weg der Entwicklung von Liebe, Mitgef\u00fchl und befreiender Weisheit begeben wollen.<span class=\"Apple-converted-space\">\u00a0<\/span><\/p>\n<p>Das Buch enth\u00e4lt Belehrungen zur Alltagspraxis bis hin zu den Stufen der Erleuchtung, sowie ein umfangreiches Glossar und zahlreiche Literaturhinweise und kann so auch als Studienbuch und reichhaltige Wissensquelle dienen.<\/p>","protected":false},"featured_media":19962,"template":"","meta":[],"product_brand":[],"product_cat":[252,19],"product_tag":[],"class_list":{"0":"post-19961","1":"product","2":"type-product","3":"status-publish","4":"has-post-thumbnail","6":"product_cat-buddhistische-einsteiger","7":"product_cat-buecher","8":"sales-flash-overlay","9":"woocommerce-text-align-left","10":"woocommerce-image-align-center","11":"do-quantity-buttons","13":"first","14":"instock","15":"taxable","16":"shipping-taxable","17":"purchasable","18":"product-type-simple"},"acf":[],"_links":{"self":[{"href":"https:\/\/dharmashop.de\/en\/wp-json\/wp\/v2\/product\/19961","targetHints":{"allow":["GET"]}}],"collection":[{"href":"https:\/\/dharmashop.de\/en\/wp-json\/wp\/v2\/product"}],"about":[{"href":"https:\/\/dharmashop.de\/en\/wp-json\/wp\/v2\/types\/product"}],"wp:featuredmedia":[{"embeddable":true,"href":"https:\/\/dharmashop.de\/en\/wp-json\/wp\/v2\/media\/19962"}],"wp:attachment":[{"href":"https:\/\/dharmashop.de\/en\/wp-json\/wp\/v2\/media?parent=19961"}],"wp:term":[{"taxonomy":"product_brand","embeddable":true,"href":"https:\/\/dharmashop.de\/en\/wp-json\/wp\/v2\/product_brand?post=19961"},{"taxonomy":"product_cat","embeddable":true,"href":"https:\/\/dharmashop.de\/en\/wp-json\/wp\/v2\/product_cat?post=19961"},{"taxonomy":"product_tag","embeddable":true,"href":"https:\/\/dharmashop.de\/en\/wp-json\/wp\/v2\/product_tag?post=19961"}],"curies":[{"name":"wp","href":"https:\/\/api.w.org\/{rel}","templated":true}]}}