{"id":19964,"date":"2025-09-26T07:32:35","date_gmt":"2025-09-26T07:32:35","guid":{"rendered":"https:\/\/dharmashop.de\/?post_type=product&#038;p=19964"},"modified":"2026-04-04T12:00:50","modified_gmt":"2026-04-04T12:00:50","slug":"quellen-innerer-heilung","status":"publish","type":"product","link":"https:\/\/dharmashop.de\/en\/produkt\/quellen-innerer-heilung\/","title":{"rendered":"Quellen innerer Heilung"},"content":{"rendered":"","protected":false},"excerpt":{"rendered":"<p>&nbsp;<\/p>\n<p><strong>Ein buddhistisch psychotherapeutischer \u00dcbungsweg<\/strong><\/p>\n<p>Sehns\u00fcchte, Bef\u00fcrchtungen, \u00c4ngste und traumatisierende Erlebnisse verstellen oft den Blick auf das, was das Leben lebenswert macht. Auf dem Weg zu innerer Freiheit und Heilung zeigt die erfahrene Psychotherapeutin Elisabeth Reisch, wie sich Buddhismus und Psychotherapie ideal erg\u00e4nzen.<\/p>\n<p>Ausgangspunkt sind die vielen \u00bbIch will\u00ab- und \u00bbIch will nicht\u00ab-S\u00e4tze, die jeder als Ballast mit sich herumschleppt. Jetzt geht es darum zu lernen, diese anzunehmen und gleichzeitig aufzul\u00f6sen. Dies geschieht mit unseren inneren heilenden Kr\u00e4ften der Selbstakzeptanz, des Mitgef\u00fchls, der Dankbarkeit, der Mitfreude, des Verzeihens, des Mutes und schlie\u00dflich des Loslassens.<\/p>\n<p>Elisabeth Reisch hat ein \u00dcbungsprogramm entwickelt, das uns Schritt f\u00fcr Schritt mit unseren heilenden Qualit\u00e4ten in Verbindung bringt. Anhand zahlreicher Fallbeispiele zeigt sie, dass es gerade auch in gl\u00fccklosen Zeiten, in Krankheit und Krisen m\u00f6glich ist, seine Lebensfreude wiederzugewinnen.<\/p>\n<p>160 Seiten<br \/>\nPaperback<br \/>\nISBN 978-3-944885-31-5<\/p>","protected":false},"featured_media":19965,"template":"","meta":[],"product_brand":[],"product_cat":[65,19],"product_tag":[],"class_list":{"0":"post-19964","1":"product","2":"type-product","3":"status-publish","4":"has-post-thumbnail","6":"product_cat-buddhismus-allgemein","7":"product_cat-buecher","8":"sales-flash-overlay","9":"woocommerce-text-align-left","10":"woocommerce-image-align-center","11":"do-quantity-buttons","13":"first","14":"outofstock","15":"taxable","16":"shipping-taxable","17":"purchasable","18":"product-type-simple"},"acf":[],"_links":{"self":[{"href":"https:\/\/dharmashop.de\/en\/wp-json\/wp\/v2\/product\/19964","targetHints":{"allow":["GET"]}}],"collection":[{"href":"https:\/\/dharmashop.de\/en\/wp-json\/wp\/v2\/product"}],"about":[{"href":"https:\/\/dharmashop.de\/en\/wp-json\/wp\/v2\/types\/product"}],"wp:featuredmedia":[{"embeddable":true,"href":"https:\/\/dharmashop.de\/en\/wp-json\/wp\/v2\/media\/19965"}],"wp:attachment":[{"href":"https:\/\/dharmashop.de\/en\/wp-json\/wp\/v2\/media?parent=19964"}],"wp:term":[{"taxonomy":"product_brand","embeddable":true,"href":"https:\/\/dharmashop.de\/en\/wp-json\/wp\/v2\/product_brand?post=19964"},{"taxonomy":"product_cat","embeddable":true,"href":"https:\/\/dharmashop.de\/en\/wp-json\/wp\/v2\/product_cat?post=19964"},{"taxonomy":"product_tag","embeddable":true,"href":"https:\/\/dharmashop.de\/en\/wp-json\/wp\/v2\/product_tag?post=19964"}],"curies":[{"name":"wp","href":"https:\/\/api.w.org\/{rel}","templated":true}]}}