{"id":19982,"date":"2025-09-29T07:48:38","date_gmt":"2025-09-29T07:48:38","guid":{"rendered":"https:\/\/dharmashop.de\/?post_type=product&#038;p=19982"},"modified":"2026-03-12T09:45:53","modified_gmt":"2026-03-12T09:45:53","slug":"akzeptiere-was-du-nicht-aendern-kannst-mit-buddhistischer-weisheit-und-westlicher-psychologie-zu-mehr-gelassenheit","status":"publish","type":"product","link":"https:\/\/dharmashop.de\/en\/produkt\/akzeptiere-was-du-nicht-aendern-kannst-mit-buddhistischer-weisheit-und-westlicher-psychologie-zu-mehr-gelassenheit\/","title":{"rendered":"Akzeptiere, was du nicht \u00e4ndern kannst. Mit buddhistischer Weisheit und westlicher Psychologie zu mehr Gelassenheit"},"content":{"rendered":"","protected":false},"excerpt":{"rendered":"<p>Warum empfinden so viele Menschen ihr Leben als ungl\u00fccklich und unerf\u00fcllt? Dieser Frage geht der erfahrene Psychotherapeut David Richo nach. Mit einer Mischung aus westlicher Psychologie und \u00f6stlicher Spiritualit\u00e4t erkl\u00e4rt er die Wurzeln des Ungl\u00fccklichseins und zeigt uns anhand zahlreicher praktischer \u00dcbungen einen Weg, trotz aller Widrigkeiten Freiheit und Erf\u00fcllung zu finden. Der Schl\u00fcssel liegt f\u00fcr Richo in der Akzeptanz dessen, was wir nicht \u00e4ndern k\u00f6nnen: Denn Ungerechtigkeit, Schmerz und Trauer geh\u00f6ren zum Leben dazu; und nur wer nicht dagegen ank\u00e4mpft, kann wahrhaft gl\u00fccklich werden.<\/p>","protected":false},"featured_media":19984,"template":"","meta":[],"product_brand":[],"product_cat":[65,19],"product_tag":[],"class_list":{"0":"post-19982","1":"product","2":"type-product","3":"status-publish","4":"has-post-thumbnail","6":"product_cat-buddhismus-allgemein","7":"product_cat-buecher","8":"sales-flash-overlay","9":"woocommerce-text-align-left","10":"woocommerce-image-align-center","11":"do-quantity-buttons","13":"first","14":"instock","15":"taxable","16":"shipping-taxable","17":"purchasable","18":"product-type-simple"},"acf":[],"_links":{"self":[{"href":"https:\/\/dharmashop.de\/en\/wp-json\/wp\/v2\/product\/19982","targetHints":{"allow":["GET"]}}],"collection":[{"href":"https:\/\/dharmashop.de\/en\/wp-json\/wp\/v2\/product"}],"about":[{"href":"https:\/\/dharmashop.de\/en\/wp-json\/wp\/v2\/types\/product"}],"wp:featuredmedia":[{"embeddable":true,"href":"https:\/\/dharmashop.de\/en\/wp-json\/wp\/v2\/media\/19984"}],"wp:attachment":[{"href":"https:\/\/dharmashop.de\/en\/wp-json\/wp\/v2\/media?parent=19982"}],"wp:term":[{"taxonomy":"product_brand","embeddable":true,"href":"https:\/\/dharmashop.de\/en\/wp-json\/wp\/v2\/product_brand?post=19982"},{"taxonomy":"product_cat","embeddable":true,"href":"https:\/\/dharmashop.de\/en\/wp-json\/wp\/v2\/product_cat?post=19982"},{"taxonomy":"product_tag","embeddable":true,"href":"https:\/\/dharmashop.de\/en\/wp-json\/wp\/v2\/product_tag?post=19982"}],"curies":[{"name":"wp","href":"https:\/\/api.w.org\/{rel}","templated":true}]}}