{"id":19986,"date":"2025-09-29T07:54:51","date_gmt":"2025-09-29T07:54:51","guid":{"rendered":"https:\/\/dharmashop.de\/?post_type=product&#038;p=19986"},"modified":"2026-03-12T09:45:52","modified_gmt":"2026-03-12T09:45:52","slug":"die-heilende-kraft-der-klangmassage-entspannen-stress-abbauen-schmerz-loesen-mit-klangschalen-mit-audio-cd","status":"publish","type":"product","link":"https:\/\/dharmashop.de\/en\/produkt\/die-heilende-kraft-der-klangmassage-entspannen-stress-abbauen-schmerz-loesen-mit-klangschalen-mit-audio-cd\/","title":{"rendered":"Die heilende Kraft der Klangmassage  Entspannen, Stress abbauen, Schmerz l\u00f6sen mit Klangschalen. Mit Audio-CD"},"content":{"rendered":"","protected":false},"excerpt":{"rendered":"<div class=\"prh-heading-h3 prh-font-shift prh-mb-5 md:prh-mb-6\">K\u00f6rper und Seele zum Schwingen bringen<\/div>\n<div class=\"prh-font-fort prh-mb-8 md:prh-mb-10 prh-transition-all prh-ease-in-out prh-duration-300\">\n<div class=\"prh-line-clamp-none prh-font-lg prh-leading-relaxed prh-mb-2.5\" data-detail-text=\"\">\n<p>Der Ton der Klangschale ber\u00fchrt unser Innerstes und bringt die Seele zum Schwingen. Bei der Klangmassage werden diese wohltuenden Schwingungen auf den K\u00f6rper \u00fcbertragen und l\u00f6sen so Blockaden, Verh\u00e4rtungen und Spannungen.<\/p>\n<p>Dieses ausgesprochen anschauliche Buch von Peter Hess gibt einen \u00dcberblick \u00fcber speziell f\u00fcr die Massage geeignete Klangschalen, bietet eine Anleitung zum Gestalten individueller Massagen und zeigt Techniken f\u00fcr die Selbstanwendung. Erg\u00e4nzt wird das Buch um eine daf\u00fcr eigens produzierte CD. So kann der H\u00f6rer die faszinierenden Kl\u00e4nge einzelner Klangschalen mit ihrem Obertonreichtum erfahren und in ihr meditatives Klangspiel eintauchen. Zudem werden zwei Klang-K\u00f6rperreisen angeboten, die speziell bei R\u00fcckenbeschwerden und Schlafst\u00f6rungen helfen.<\/p>\n<\/div>\n<\/div>","protected":false},"featured_media":19987,"template":"","meta":[],"product_brand":[],"product_cat":[65,19],"product_tag":[],"class_list":{"0":"post-19986","1":"product","2":"type-product","3":"status-publish","4":"has-post-thumbnail","6":"product_cat-buddhismus-allgemein","7":"product_cat-buecher","8":"sales-flash-overlay","9":"woocommerce-text-align-left","10":"woocommerce-image-align-center","11":"do-quantity-buttons","13":"first","14":"instock","15":"taxable","16":"shipping-taxable","17":"purchasable","18":"product-type-simple"},"acf":[],"_links":{"self":[{"href":"https:\/\/dharmashop.de\/en\/wp-json\/wp\/v2\/product\/19986","targetHints":{"allow":["GET"]}}],"collection":[{"href":"https:\/\/dharmashop.de\/en\/wp-json\/wp\/v2\/product"}],"about":[{"href":"https:\/\/dharmashop.de\/en\/wp-json\/wp\/v2\/types\/product"}],"wp:featuredmedia":[{"embeddable":true,"href":"https:\/\/dharmashop.de\/en\/wp-json\/wp\/v2\/media\/19987"}],"wp:attachment":[{"href":"https:\/\/dharmashop.de\/en\/wp-json\/wp\/v2\/media?parent=19986"}],"wp:term":[{"taxonomy":"product_brand","embeddable":true,"href":"https:\/\/dharmashop.de\/en\/wp-json\/wp\/v2\/product_brand?post=19986"},{"taxonomy":"product_cat","embeddable":true,"href":"https:\/\/dharmashop.de\/en\/wp-json\/wp\/v2\/product_cat?post=19986"},{"taxonomy":"product_tag","embeddable":true,"href":"https:\/\/dharmashop.de\/en\/wp-json\/wp\/v2\/product_tag?post=19986"}],"curies":[{"name":"wp","href":"https:\/\/api.w.org\/{rel}","templated":true}]}}