{"id":19991,"date":"2025-09-30T06:46:09","date_gmt":"2025-09-30T06:46:09","guid":{"rendered":"https:\/\/dharmashop.de\/?post_type=product&#038;p=19991"},"modified":"2026-03-12T09:45:51","modified_gmt":"2026-03-12T09:45:51","slug":"klartraeumen-fuer-anfaenger","status":"publish","type":"product","link":"https:\/\/dharmashop.de\/en\/produkt\/klartraeumen-fuer-anfaenger\/","title":{"rendered":"Klartr\u00e4umen f\u00fcr Anf\u00e4nger"},"content":{"rendered":"","protected":false},"excerpt":{"rendered":"<p>Dieses Buch ist eine Einladung in das faszinierende Universum des luziden Tr\u00e4umens. Luzides Tr\u00e4umen, auch Klartr\u00e4umen genannt, bedeutet, dass man sich beim Tr\u00e4umen bewusst wird, dass man tr\u00e4umt. Diese erstaunliche Form des Tr\u00e4umens l\u00e4sst sich Schritt f\u00fcr Schritt erlernen, und dieses Buch zeigt, wie es geht. Mit konkreten Tipps und Techniken, realen Fallbeispielen und Beitr\u00e4gen von f\u00fchrenden Experten auf dem Gebiet des luziden Tr\u00e4umens.<\/p>\n<p>Klartr\u00e4umen ist wie eine Meditation, die man im Schlaf aus\u00fcben kann, und die sich weit \u00fcber den Schlaf hinaus auf unser waches Leben auswirkt. Indem wir n\u00e4mlich bewusst tr\u00e4umen und unsere Tr\u00e4ume gestalten, lernen wir, auch unsere Wachphasen bewusster zu leben und unser Leben nach unseren eigenen Zielen auszurichten.<\/p>","protected":false},"featured_media":19992,"template":"","meta":[],"product_brand":[],"product_cat":[65,19],"product_tag":[],"class_list":{"0":"post-19991","1":"product","2":"type-product","3":"status-publish","4":"has-post-thumbnail","6":"product_cat-buddhismus-allgemein","7":"product_cat-buecher","8":"sales-flash-overlay","9":"woocommerce-text-align-left","10":"woocommerce-image-align-center","11":"do-quantity-buttons","13":"first","14":"instock","15":"taxable","16":"shipping-taxable","17":"purchasable","18":"product-type-simple"},"acf":[],"_links":{"self":[{"href":"https:\/\/dharmashop.de\/en\/wp-json\/wp\/v2\/product\/19991","targetHints":{"allow":["GET"]}}],"collection":[{"href":"https:\/\/dharmashop.de\/en\/wp-json\/wp\/v2\/product"}],"about":[{"href":"https:\/\/dharmashop.de\/en\/wp-json\/wp\/v2\/types\/product"}],"wp:featuredmedia":[{"embeddable":true,"href":"https:\/\/dharmashop.de\/en\/wp-json\/wp\/v2\/media\/19992"}],"wp:attachment":[{"href":"https:\/\/dharmashop.de\/en\/wp-json\/wp\/v2\/media?parent=19991"}],"wp:term":[{"taxonomy":"product_brand","embeddable":true,"href":"https:\/\/dharmashop.de\/en\/wp-json\/wp\/v2\/product_brand?post=19991"},{"taxonomy":"product_cat","embeddable":true,"href":"https:\/\/dharmashop.de\/en\/wp-json\/wp\/v2\/product_cat?post=19991"},{"taxonomy":"product_tag","embeddable":true,"href":"https:\/\/dharmashop.de\/en\/wp-json\/wp\/v2\/product_tag?post=19991"}],"curies":[{"name":"wp","href":"https:\/\/api.w.org\/{rel}","templated":true}]}}