{"id":20031,"date":"2025-10-01T07:59:22","date_gmt":"2025-10-01T07:59:22","guid":{"rendered":"https:\/\/dharmashop.de\/?post_type=product&#038;p=20031"},"modified":"2026-03-12T09:45:36","modified_gmt":"2026-03-12T09:45:36","slug":"das-leben-stellt-fragen","status":"publish","type":"product","link":"https:\/\/dharmashop.de\/en\/produkt\/das-leben-stellt-fragen\/","title":{"rendered":"Das Leben stellt Fragen"},"content":{"rendered":"","protected":false},"excerpt":{"rendered":"<div class=\"prh-heading-h3 prh-font-shift prh-mb-5 md:prh-mb-6\">Das Orientierungsbuch f\u00fcr Sinnsucher*innen<\/div>\n<div class=\"prh-font-fort prh-mb-8 md:prh-mb-10 prh-transition-all prh-ease-in-out prh-duration-300\">\n<div class=\"prh-line-clamp-none prh-font-lg prh-leading-relaxed prh-mb-2.5\" data-detail-text=\"\">\n<p>Woher kommen wir? Wer sind wir? Was ist unsere gr\u00f6\u00dfte Sehnsucht? Was gibt unserem Leben Kraft? Was erwartet uns nach dem Tod?<\/p>\n<p>Georg Schwikart findet Antworten auf die gro\u00dfen Menschheitsfragen nach Ursprung und Ausrichtung, den Zielen und dem Sinn des Lebens in den Religionen der Welt und den Weisheitslehren der Kulturen. Ob im Alten \u00c4gypten oder bei den indigenen V\u00f6lkern der Gegenwart, ob in den Weltreligionen oder den gro\u00dfen Traditionen der Philosophie: \u00dcberall haben Menschen ihre Erfahrung und ihr Wissen in Worten bewahrt, die zeitlos sind und jeden Menschen auf der Suche nach Orientierung, Gl\u00fcck und Zufriedenheit inspirieren k\u00f6nnen.<\/p>\n<p>Die Fragen und Themen stammen direkt aus dem Lebensalltag der Menschen \u2013 die Antworten aus der ganzen Welt.<\/p>\n<\/div>\n<\/div>","protected":false},"featured_media":20363,"template":"","meta":[],"product_brand":[],"product_cat":[65,19],"product_tag":[],"class_list":{"0":"post-20031","1":"product","2":"type-product","3":"status-publish","4":"has-post-thumbnail","6":"product_cat-buddhismus-allgemein","7":"product_cat-buecher","8":"sales-flash-overlay","9":"woocommerce-text-align-left","10":"woocommerce-image-align-center","11":"do-quantity-buttons","13":"first","14":"instock","15":"taxable","16":"shipping-taxable","17":"purchasable","18":"product-type-simple"},"acf":[],"_links":{"self":[{"href":"https:\/\/dharmashop.de\/en\/wp-json\/wp\/v2\/product\/20031","targetHints":{"allow":["GET"]}}],"collection":[{"href":"https:\/\/dharmashop.de\/en\/wp-json\/wp\/v2\/product"}],"about":[{"href":"https:\/\/dharmashop.de\/en\/wp-json\/wp\/v2\/types\/product"}],"wp:featuredmedia":[{"embeddable":true,"href":"https:\/\/dharmashop.de\/en\/wp-json\/wp\/v2\/media\/20363"}],"wp:attachment":[{"href":"https:\/\/dharmashop.de\/en\/wp-json\/wp\/v2\/media?parent=20031"}],"wp:term":[{"taxonomy":"product_brand","embeddable":true,"href":"https:\/\/dharmashop.de\/en\/wp-json\/wp\/v2\/product_brand?post=20031"},{"taxonomy":"product_cat","embeddable":true,"href":"https:\/\/dharmashop.de\/en\/wp-json\/wp\/v2\/product_cat?post=20031"},{"taxonomy":"product_tag","embeddable":true,"href":"https:\/\/dharmashop.de\/en\/wp-json\/wp\/v2\/product_tag?post=20031"}],"curies":[{"name":"wp","href":"https:\/\/api.w.org\/{rel}","templated":true}]}}