{"id":20062,"date":"2025-10-18T13:12:26","date_gmt":"2025-10-18T13:12:26","guid":{"rendered":"https:\/\/dharmashop.de\/?post_type=product&#038;p=20062"},"modified":"2026-03-12T09:45:32","modified_gmt":"2026-03-12T09:45:32","slug":"klangschale-nirmala","status":"publish","type":"product","link":"https:\/\/dharmashop.de\/en\/produkt\/klangschale-nirmala\/","title":{"rendered":"Klangschale Nirmala"},"content":{"rendered":"","protected":false},"excerpt":{"rendered":"<p>12cm Durchmesser- Handarbeit aus Nepal.<\/p>\n<p><strong>\u200bHandgeschlagene Klangschalen:<\/strong><br \/>\nDie Herstellung einer getriebenen oder handgeschlagenen Klangschale\u00a0ist ein umfangreicher und handwerklicher Prozess. Jede einzelne Klangschale wird sorgf\u00e4ltig von Hand getrieben. Zur Formung und Fertigstellung einer vollendeten handgeschlagenen Klangschale sind mehrere Arbeitsschritte erforderlich, um die korrekte Form und einen reinen Ton zu erhalten.\u2028 Zun\u00e4chst werden die verschiedenen Rohmetalle (Kupfer, Zinn, Zink, Blei, Eisen, Gold und Silber) in einem Schmelzofen geschmolzen. Die Zusammensetzung der Rohmetalle h\u00e4ngt davon ab, welche Klangschale hergestellt werden soll (z.B. Bronze aus Kupfer und Zinn\u00a0oder ein Gemisch der\u00a0sieben verschiedenen Metalle). Das geschmolzene Metall wird gegossen, um eine Metallmulde f\u00fcr die verschiedenen Gr\u00f6\u00dfen und Gewichte zu formen.\u2028 Anschlie\u00dfend werden die runden Metallformen in runde Scheiben der erforderlichen Gr\u00f6\u00dfe und Dicke geschnitten.\u2028 Nach exakter Messung und Einteilung in Gewicht und Gr\u00f6\u00dfe, werden die Scheiben handgeschlagen bzw. handgetrieben.\u2028 Im weiteren Verlauf werden vier bis f\u00fcnf\u00a0Metallscheiben \u00fcbereinander gestapelt und anschlie\u00dfend\u00a0rotgl\u00fchend erhitzt. Die gl\u00fchenden Metallscheiben werden von mehreren ausgezeichneten Kunsthandwerkern solange geschlagen, bis das Metall nicht mehr rotgl\u00fchend ist.\u00a0Daraufhin werden die Metallscheiben\u00a0erneut erhitzt. Dieser Erhitzungs- und Schlagprozess wird solange fortgesetzt bis die gew\u00fcnschte Gr\u00f6\u00dfe und Form erreicht ist.\u00a0Handgeschlagene Klangschalen sind daher individuell und \u2013 verh\u00e4ltnism\u00e4\u00dfig betrachtet &#8211; unterschiedlich in Gr\u00f6\u00dfe und Durchmesser. Das Metall kann immer nur rotgl\u00fchend bearbeitet werden, da es dann weich und formbar ist. Wenn das Metall abk\u00fchlt, verliert es seine Geschmeidigkeit und Biegsamkeit und wird br\u00fcchig, wodurch die Klangschale unbrauchbar werden\u00a0kann. Der Grund f\u00fcr diesen intensiven Arbeitsprozess ist, dass der Metallgehalt (Bronze oder das Gemisch aus sieben Metallen) sehr empfindlich auf Hitze reagiert. Es wird h\u00e4rter, sobald\u00a0die Temperatur sinkt und bekommt dann Bruchstellen und Risse.<\/p>\n<p>Nach Fertigstellung der Ausformung\u00a0beginnt die individuelle Arbeit. Nun wird jede Klangschale in ihre eigene einzigartige Form gebracht und auch dieses Mal geschieht\u00a0dies\u00a0durch einen Erhitzungsprozess bis das Metall rotgl\u00fchend ist,\u00a0mit anschlie\u00dfendem Schlagen.\u00a0Anschlie\u00dfend wird die Klangschale f\u00fcr die Feinabstimmung geschlagen. Zum Abschlu\u00df werden die Klangschalen innen und au\u00dfen gegl\u00e4ttet\u00a0und gereinigt\u00a0und eventuell f\u00fcr einen finishing Touch gemei\u00dfelt.<\/p>","protected":false},"featured_media":20063,"template":"","meta":[],"product_brand":[],"product_cat":[87],"product_tag":[],"class_list":{"0":"post-20062","1":"product","2":"type-product","3":"status-publish","4":"has-post-thumbnail","6":"product_cat-musikinstrumente","7":"sales-flash-overlay","8":"woocommerce-text-align-left","9":"woocommerce-image-align-center","10":"do-quantity-buttons","12":"first","13":"instock","14":"taxable","15":"shipping-taxable","16":"purchasable","17":"product-type-simple"},"acf":[],"_links":{"self":[{"href":"https:\/\/dharmashop.de\/en\/wp-json\/wp\/v2\/product\/20062","targetHints":{"allow":["GET"]}}],"collection":[{"href":"https:\/\/dharmashop.de\/en\/wp-json\/wp\/v2\/product"}],"about":[{"href":"https:\/\/dharmashop.de\/en\/wp-json\/wp\/v2\/types\/product"}],"wp:featuredmedia":[{"embeddable":true,"href":"https:\/\/dharmashop.de\/en\/wp-json\/wp\/v2\/media\/20063"}],"wp:attachment":[{"href":"https:\/\/dharmashop.de\/en\/wp-json\/wp\/v2\/media?parent=20062"}],"wp:term":[{"taxonomy":"product_brand","embeddable":true,"href":"https:\/\/dharmashop.de\/en\/wp-json\/wp\/v2\/product_brand?post=20062"},{"taxonomy":"product_cat","embeddable":true,"href":"https:\/\/dharmashop.de\/en\/wp-json\/wp\/v2\/product_cat?post=20062"},{"taxonomy":"product_tag","embeddable":true,"href":"https:\/\/dharmashop.de\/en\/wp-json\/wp\/v2\/product_tag?post=20062"}],"curies":[{"name":"wp","href":"https:\/\/api.w.org\/{rel}","templated":true}]}}