{"id":20112,"date":"2025-10-30T08:23:46","date_gmt":"2025-10-30T08:23:46","guid":{"rendered":"https:\/\/dharmashop.de\/?post_type=product&#038;p=20112"},"modified":"2026-03-12T09:45:26","modified_gmt":"2026-03-12T09:45:26","slug":"grn-gruen-handcreme-essential-elements","status":"publish","type":"product","link":"https:\/\/dharmashop.de\/en\/produkt\/grn-gruen-handcreme-essential-elements\/","title":{"rendered":"GRN [GR\u00dcN] Hand Cream Essential Elements"},"content":{"rendered":"","protected":false},"excerpt":{"rendered":"<p class=\"f_t_base f_t_color f_t_paragraphSansMedium\">Description<\/p>\n<div class=\"flex flex-col gap-2\">\n<div class=\"sc-dfd27890-0 gmsMwo\">\n<p class=\"f_t_base f_t_color whitespace-pre-wrap f_t_paragraphSansRegular\">F\u00fcr normale Haut Die leichte Textur mit einem Bio-Ringelblumenauszug und sch\u00fctzendem Bio-Hanfsamen\u00f6l schenkt der Haut samtweiche Pflege. Die schnell einziehende Formulierung mit Bio-Sonnenblumen\u00f6l, Bio-Sheabutter, Bio-Jojoba- und Bio-Mandel\u00f6l verw\u00f6hnt die H\u00e4nde jeden Tag. Diese Handcreme ist dank ihrer angenehmen Textur der ideale Begleiter f\u00fcr die Handtasche und pflegt alle Hauttypen streichelzart. 100% zertifizierte BIOkosmetik OHNE Kompromisse * Leichte Creme-Textur * Sanfter, angenehm\u00a0blumiger Duft * Vegan * COSMOS ORGANIC\u00a0zertifizierte Biokosmetik * Inhalt: 75ml Anwendung Bei Bedarf mehrmals t\u00e4glich auf die H\u00e4nde auftragen und einmassieren.<\/p>\n<\/div>\n<\/div>","protected":false},"featured_media":20113,"template":"","meta":[],"product_brand":[],"product_cat":[277,260],"product_tag":[],"class_list":{"0":"post-20112","1":"product","2":"type-product","3":"status-publish","4":"has-post-thumbnail","6":"product_cat-bio-koerperpflege","7":"product_cat-ernaehrung","8":"sales-flash-overlay","9":"woocommerce-text-align-left","10":"woocommerce-image-align-center","11":"do-quantity-buttons","13":"first","14":"instock","15":"taxable","16":"shipping-taxable","17":"purchasable","18":"product-type-simple"},"acf":[],"_links":{"self":[{"href":"https:\/\/dharmashop.de\/en\/wp-json\/wp\/v2\/product\/20112","targetHints":{"allow":["GET"]}}],"collection":[{"href":"https:\/\/dharmashop.de\/en\/wp-json\/wp\/v2\/product"}],"about":[{"href":"https:\/\/dharmashop.de\/en\/wp-json\/wp\/v2\/types\/product"}],"wp:featuredmedia":[{"embeddable":true,"href":"https:\/\/dharmashop.de\/en\/wp-json\/wp\/v2\/media\/20113"}],"wp:attachment":[{"href":"https:\/\/dharmashop.de\/en\/wp-json\/wp\/v2\/media?parent=20112"}],"wp:term":[{"taxonomy":"product_brand","embeddable":true,"href":"https:\/\/dharmashop.de\/en\/wp-json\/wp\/v2\/product_brand?post=20112"},{"taxonomy":"product_cat","embeddable":true,"href":"https:\/\/dharmashop.de\/en\/wp-json\/wp\/v2\/product_cat?post=20112"},{"taxonomy":"product_tag","embeddable":true,"href":"https:\/\/dharmashop.de\/en\/wp-json\/wp\/v2\/product_tag?post=20112"}],"curies":[{"name":"wp","href":"https:\/\/api.w.org\/{rel}","templated":true}]}}