{"id":20115,"date":"2025-10-30T08:26:33","date_gmt":"2025-10-30T08:26:33","guid":{"rendered":"https:\/\/dharmashop.de\/?post_type=product&#038;p=20115"},"modified":"2026-03-12T09:45:25","modified_gmt":"2026-03-12T09:45:25","slug":"nagelfeilen-3er-set","status":"publish","type":"product","link":"https:\/\/dharmashop.de\/en\/produkt\/nagelfeilen-3er-set\/","title":{"rendered":"Nagelfeilen, 3er Set"},"content":{"rendered":"","protected":false},"excerpt":{"rendered":"<div class=\"flex flex-col gap-3\">\n<p class=\"f_t_base f_t_color f_t_paragraphSansMedium\">Description<\/p>\n<div class=\"flex flex-col gap-2\">\n<div class=\"sc-dfd27890-0 gmsMwo\">\n<p class=\"f_t_base f_t_color whitespace-pre-wrap f_t_paragraphSansRegular\">F\u00fcr die perfekte Manik\u00fcre\u00a0\ud83d\udc85 Die beigen Nagelfeilen bestehen aus Sandpapier und Birkenholz. Mit einer rauen und einer feinen Seite eignen sie sich optimal f\u00fcr die Manik\u00fcre. Die gr\u00f6bere Seite bringt die N\u00e4gel in Form und korrigiert Unebenheiten, die feine Seite verschlie\u00dft und gl\u00e4ttet die Spitzen. Im 3er Set, in einem FSC-zertifizierten Papierumschlag verpackt, plastikfrei und vegan.<\/p>\n<\/div>\n<div class=\"flex items-center gap-2\">Weniger anzeigen<\/div>\n<\/div>\n<\/div>\n<div class=\"flex flex-col gap-3\">\n<p class=\"f_t_base f_t_color f_t_paragraphSansMedium\">Details<\/p>\n<div class=\"flex flex-col gap-2\">\n<div class=\"sc-dfd27890-0 fNHtXh leading-[28px]\">\n<p class=\"f_t_base f_t_color leading-[inherit]! whitespace-pre-wrap f_t_paragraphSansRegular\"><span class=\"f_t_base f_t_color f_t_paragraphSansMedium\">Hergestellt in <\/span>Deutschland,<\/p>\n<p class=\"f_t_base f_t_color leading-[inherit]! whitespace-pre-wrap f_t_paragraphSansRegular\"><span class=\"f_t_base f_t_color f_t_paragraphSansMedium\">Produktmaterialien: <\/span>Kunststofffrei und Vegan<\/p>\n<\/div>\n<\/div>\n<\/div>","protected":false},"featured_media":20116,"template":"","meta":[],"product_brand":[],"product_cat":[277,260],"product_tag":[],"class_list":{"0":"post-20115","1":"product","2":"type-product","3":"status-publish","4":"has-post-thumbnail","6":"product_cat-bio-koerperpflege","7":"product_cat-ernaehrung","8":"sales-flash-overlay","9":"woocommerce-text-align-left","10":"woocommerce-image-align-center","11":"do-quantity-buttons","13":"first","14":"instock","15":"taxable","16":"shipping-taxable","17":"purchasable","18":"product-type-simple"},"acf":[],"_links":{"self":[{"href":"https:\/\/dharmashop.de\/en\/wp-json\/wp\/v2\/product\/20115","targetHints":{"allow":["GET"]}}],"collection":[{"href":"https:\/\/dharmashop.de\/en\/wp-json\/wp\/v2\/product"}],"about":[{"href":"https:\/\/dharmashop.de\/en\/wp-json\/wp\/v2\/types\/product"}],"wp:featuredmedia":[{"embeddable":true,"href":"https:\/\/dharmashop.de\/en\/wp-json\/wp\/v2\/media\/20116"}],"wp:attachment":[{"href":"https:\/\/dharmashop.de\/en\/wp-json\/wp\/v2\/media?parent=20115"}],"wp:term":[{"taxonomy":"product_brand","embeddable":true,"href":"https:\/\/dharmashop.de\/en\/wp-json\/wp\/v2\/product_brand?post=20115"},{"taxonomy":"product_cat","embeddable":true,"href":"https:\/\/dharmashop.de\/en\/wp-json\/wp\/v2\/product_cat?post=20115"},{"taxonomy":"product_tag","embeddable":true,"href":"https:\/\/dharmashop.de\/en\/wp-json\/wp\/v2\/product_tag?post=20115"}],"curies":[{"name":"wp","href":"https:\/\/api.w.org\/{rel}","templated":true}]}}