{"id":20124,"date":"2025-10-30T08:59:42","date_gmt":"2025-10-30T08:59:42","guid":{"rendered":"https:\/\/dharmashop.de\/?post_type=product&#038;p=20124"},"modified":"2026-03-12T09:45:22","modified_gmt":"2026-03-12T09:45:22","slug":"benecos-natural-basics-handcreme-sensitiv","status":"publish","type":"product","link":"https:\/\/dharmashop.de\/en\/produkt\/benecos-natural-basics-handcreme-sensitiv\/","title":{"rendered":"benecos Natural Basics Hand Cream Sensitive"},"content":{"rendered":"","protected":false},"excerpt":{"rendered":"<p>Sanft eincremen! \ud83e\udd0d Die benecos Natural Basics Handcreme f\u00fcr sensible Haut mit einer Pflegeformel aus Bio-Ringelblumenauszug, Bio-Aloe Vera Saft und Bio-Traubenkern\u00f6l zieht schnell ein und sorgt f\u00fcr streichelzarte, gepflegte H\u00e4nde! Dermatologisch getestet. Das Wichtigste auf einen Blick: * Schnell einziehend * Dermatologisch getestet * Vegan * COSOMOS Natural zertifiziert * PETA approved * Inhalt: 75 ml<\/p>","protected":false},"featured_media":20125,"template":"","meta":[],"product_brand":[],"product_cat":[277,260],"product_tag":[],"class_list":{"0":"post-20124","1":"product","2":"type-product","3":"status-publish","4":"has-post-thumbnail","6":"product_cat-bio-koerperpflege","7":"product_cat-ernaehrung","8":"sales-flash-overlay","9":"woocommerce-text-align-left","10":"woocommerce-image-align-center","11":"do-quantity-buttons","13":"first","14":"instock","15":"taxable","16":"shipping-taxable","17":"purchasable","18":"product-type-simple"},"acf":[],"_links":{"self":[{"href":"https:\/\/dharmashop.de\/en\/wp-json\/wp\/v2\/product\/20124","targetHints":{"allow":["GET"]}}],"collection":[{"href":"https:\/\/dharmashop.de\/en\/wp-json\/wp\/v2\/product"}],"about":[{"href":"https:\/\/dharmashop.de\/en\/wp-json\/wp\/v2\/types\/product"}],"wp:featuredmedia":[{"embeddable":true,"href":"https:\/\/dharmashop.de\/en\/wp-json\/wp\/v2\/media\/20125"}],"wp:attachment":[{"href":"https:\/\/dharmashop.de\/en\/wp-json\/wp\/v2\/media?parent=20124"}],"wp:term":[{"taxonomy":"product_brand","embeddable":true,"href":"https:\/\/dharmashop.de\/en\/wp-json\/wp\/v2\/product_brand?post=20124"},{"taxonomy":"product_cat","embeddable":true,"href":"https:\/\/dharmashop.de\/en\/wp-json\/wp\/v2\/product_cat?post=20124"},{"taxonomy":"product_tag","embeddable":true,"href":"https:\/\/dharmashop.de\/en\/wp-json\/wp\/v2\/product_tag?post=20124"}],"curies":[{"name":"wp","href":"https:\/\/api.w.org\/{rel}","templated":true}]}}