{"id":20137,"date":"2025-10-31T08:14:01","date_gmt":"2025-10-31T08:14:01","guid":{"rendered":"https:\/\/dharmashop.de\/?post_type=product&#038;p=20137"},"modified":"2026-03-12T09:45:19","modified_gmt":"2026-03-12T09:45:19","slug":"benecosbio-nachtcreme-bio-argan-nachttraeumerin","status":"publish","type":"product","link":"https:\/\/dharmashop.de\/en\/produkt\/benecosbio-nachtcreme-bio-argan-nachttraeumerin\/","title":{"rendered":"benecosBIO Nachtcreme BIO-Argan &#8211; NACHTTR\u00c4UMER:IN"},"content":{"rendered":"","protected":false},"excerpt":{"rendered":"<p class=\"f_t_base f_t_color f_t_paragraphSansMedium\">Description<\/p>\n<div class=\"flex flex-col gap-2\">\n<div class=\"sc-dfd27890-0 gmsMwo\">\n<p class=\"f_t_base f_t_color whitespace-pre-wrap f_t_paragraphSansRegular\">Reichhaltige Nachtcreme f\u00fcr reife, anspruchsvolle Haut Kostbares Bio-Argan\u00f6l wirkt regenerierend und sch\u00fctzend \u2013 f\u00fcr eine optisch jugendliche Ausstrahlung. Bio-Jojoba\u00f6l sorgt bei einer regelm\u00e4\u00dfigen Anwendung f\u00fcr widerstandsf\u00e4higere, geschmeidigere Haut, stabilisiert ihren Feuchtigkeitshaushalt und hilft, dank enthaltenem Vitamin E dabei, den Alterungsprozess positiv zu beeinflussen. Zweite Jugend \u2013 ol\u00e9!\u00a0 Dermatologisch getestet. 100% zertifizierte BIOkosmetik OHNE Kompromisse * Vegan * Hautvertr\u00e4glichkeit dermatologisch best\u00e4tigt * COSMOS ORGANIC\u00a0zertifizierte Biokosmetik * Inhalt: 50ml \u00a0 Anwendung Creme auf die Gesichtshaut auftragen und sanft einmassieren.<\/p>\n<\/div>\n<\/div>","protected":false},"featured_media":20138,"template":"","meta":[],"product_brand":[],"product_cat":[277,260],"product_tag":[],"class_list":{"0":"post-20137","1":"product","2":"type-product","3":"status-publish","4":"has-post-thumbnail","6":"product_cat-bio-koerperpflege","7":"product_cat-ernaehrung","8":"sales-flash-overlay","9":"woocommerce-text-align-left","10":"woocommerce-image-align-center","11":"do-quantity-buttons","13":"first","14":"outofstock","15":"taxable","16":"shipping-taxable","17":"purchasable","18":"product-type-simple"},"acf":[],"_links":{"self":[{"href":"https:\/\/dharmashop.de\/en\/wp-json\/wp\/v2\/product\/20137","targetHints":{"allow":["GET"]}}],"collection":[{"href":"https:\/\/dharmashop.de\/en\/wp-json\/wp\/v2\/product"}],"about":[{"href":"https:\/\/dharmashop.de\/en\/wp-json\/wp\/v2\/types\/product"}],"wp:featuredmedia":[{"embeddable":true,"href":"https:\/\/dharmashop.de\/en\/wp-json\/wp\/v2\/media\/20138"}],"wp:attachment":[{"href":"https:\/\/dharmashop.de\/en\/wp-json\/wp\/v2\/media?parent=20137"}],"wp:term":[{"taxonomy":"product_brand","embeddable":true,"href":"https:\/\/dharmashop.de\/en\/wp-json\/wp\/v2\/product_brand?post=20137"},{"taxonomy":"product_cat","embeddable":true,"href":"https:\/\/dharmashop.de\/en\/wp-json\/wp\/v2\/product_cat?post=20137"},{"taxonomy":"product_tag","embeddable":true,"href":"https:\/\/dharmashop.de\/en\/wp-json\/wp\/v2\/product_tag?post=20137"}],"curies":[{"name":"wp","href":"https:\/\/api.w.org\/{rel}","templated":true}]}}