{"id":20145,"date":"2025-10-31T08:30:50","date_gmt":"2025-10-31T08:30:50","guid":{"rendered":"https:\/\/dharmashop.de\/?post_type=product&#038;p=20145"},"modified":"2026-03-12T09:45:16","modified_gmt":"2026-03-12T09:45:16","slug":"benecosbio-duschgel-bio-lavendel-urlaub-in-der-provence","status":"publish","type":"product","link":"https:\/\/dharmashop.de\/en\/produkt\/benecosbio-duschgel-bio-lavendel-urlaub-in-der-provence\/","title":{"rendered":"benecosBio Duschgel BIO-Lavendel URLAUB IN DER PROVENCE"},"content":{"rendered":"","protected":false},"excerpt":{"rendered":"<p class=\"f_t_base f_t_color f_t_paragraphSansMedium\">Description<\/p>\n<div class=\"flex flex-col gap-2\">\n<div class=\"sc-dfd27890-0 gmsMwo\">\n<p class=\"f_t_base f_t_color whitespace-pre-wrap f_t_paragraphSansRegular\">G\u00f6nnen Sie sich die t\u00e4gliche Dusche Urlaub! Der aromatische Lavendelduft beamt einen direkt zu den bl\u00fchenden Lavendelfeldern der Provence. Das Duschgel reinigt die Haut sanft mit pflanzlichen Tensiden und hinterl\u00e4sst ein angenehmes Gef\u00fchl. Die Formulierung enth\u00e4lt sorgf\u00e4ltig ausgew\u00e4hlte Inhaltsstoffe, wie erfrischenden Bio-Lavendelbl\u00fctenauszug und regionalem, hautpflegenden Bio-Apfelsaft und ist dermatologisch getestet. 100% zertifizierte BIOkosmetik OHNE Kompromisse * Vegan * Hautvertr\u00e4glichkeit dermatologisch best\u00e4tigt * COSMOS ORGANIC\u00a0zertifizierte Biokosmetik * Flasche aus recyceltem PET * Inhalt: 500ml \u00a0 Anwendung Auf der feuchten Haut aufsch\u00e4umen und anschlie\u00dfend absp\u00fclen.<\/p>\n<\/div>\n<\/div>","protected":false},"featured_media":20146,"template":"","meta":[],"product_brand":[],"product_cat":[277,260],"product_tag":[],"class_list":{"0":"post-20145","1":"product","2":"type-product","3":"status-publish","4":"has-post-thumbnail","6":"product_cat-bio-koerperpflege","7":"product_cat-ernaehrung","8":"sales-flash-overlay","9":"woocommerce-text-align-left","10":"woocommerce-image-align-center","11":"do-quantity-buttons","13":"first","14":"instock","15":"taxable","16":"shipping-taxable","17":"purchasable","18":"product-type-simple"},"acf":[],"_links":{"self":[{"href":"https:\/\/dharmashop.de\/en\/wp-json\/wp\/v2\/product\/20145","targetHints":{"allow":["GET"]}}],"collection":[{"href":"https:\/\/dharmashop.de\/en\/wp-json\/wp\/v2\/product"}],"about":[{"href":"https:\/\/dharmashop.de\/en\/wp-json\/wp\/v2\/types\/product"}],"wp:featuredmedia":[{"embeddable":true,"href":"https:\/\/dharmashop.de\/en\/wp-json\/wp\/v2\/media\/20146"}],"wp:attachment":[{"href":"https:\/\/dharmashop.de\/en\/wp-json\/wp\/v2\/media?parent=20145"}],"wp:term":[{"taxonomy":"product_brand","embeddable":true,"href":"https:\/\/dharmashop.de\/en\/wp-json\/wp\/v2\/product_brand?post=20145"},{"taxonomy":"product_cat","embeddable":true,"href":"https:\/\/dharmashop.de\/en\/wp-json\/wp\/v2\/product_cat?post=20145"},{"taxonomy":"product_tag","embeddable":true,"href":"https:\/\/dharmashop.de\/en\/wp-json\/wp\/v2\/product_tag?post=20145"}],"curies":[{"name":"wp","href":"https:\/\/api.w.org\/{rel}","templated":true}]}}