{"id":20199,"date":"2025-11-10T08:55:38","date_gmt":"2025-11-10T08:55:38","guid":{"rendered":"https:\/\/dharmashop.de\/?post_type=product&#038;p=20199"},"modified":"2026-04-23T07:45:21","modified_gmt":"2026-04-23T07:45:21","slug":"thangka-bedruckt-vajrasattva","status":"publish","type":"product","link":"https:\/\/dharmashop.de\/en\/produkt\/thangka-bedruckt-vajrasattva\/","title":{"rendered":"Thangka bedruckt Vajrasattva"},"content":{"rendered":"","protected":false},"excerpt":{"rendered":"<p>Kleines gedrucktes Thangka<\/p>\n<h1>Vajrasattva<\/h1>\n<p>. Um einen beliebigen Raum zu schm\u00fccken oder \u00fcber einem Altar zu h\u00e4ngen. Mit Brokatrahmen. Material Brokat, Gr\u00f6\u00dfe cm \u00b1 29\u00d720, Gesamtgewicht gr 34, Ursprungsland Nepal<\/p>","protected":false},"featured_media":20200,"template":"","meta":[],"product_brand":[],"product_cat":[79,21],"product_tag":[],"class_list":{"0":"post-20199","1":"product","2":"type-product","3":"status-publish","4":"has-post-thumbnail","6":"product_cat-thangkas-thangkas","7":"product_cat-thangkas","8":"sales-flash-overlay","9":"woocommerce-text-align-left","10":"woocommerce-image-align-center","11":"do-quantity-buttons","13":"first","14":"instock","15":"taxable","16":"shipping-taxable","17":"purchasable","18":"product-type-simple"},"acf":[],"_links":{"self":[{"href":"https:\/\/dharmashop.de\/en\/wp-json\/wp\/v2\/product\/20199","targetHints":{"allow":["GET"]}}],"collection":[{"href":"https:\/\/dharmashop.de\/en\/wp-json\/wp\/v2\/product"}],"about":[{"href":"https:\/\/dharmashop.de\/en\/wp-json\/wp\/v2\/types\/product"}],"wp:featuredmedia":[{"embeddable":true,"href":"https:\/\/dharmashop.de\/en\/wp-json\/wp\/v2\/media\/20200"}],"wp:attachment":[{"href":"https:\/\/dharmashop.de\/en\/wp-json\/wp\/v2\/media?parent=20199"}],"wp:term":[{"taxonomy":"product_brand","embeddable":true,"href":"https:\/\/dharmashop.de\/en\/wp-json\/wp\/v2\/product_brand?post=20199"},{"taxonomy":"product_cat","embeddable":true,"href":"https:\/\/dharmashop.de\/en\/wp-json\/wp\/v2\/product_cat?post=20199"},{"taxonomy":"product_tag","embeddable":true,"href":"https:\/\/dharmashop.de\/en\/wp-json\/wp\/v2\/product_tag?post=20199"}],"curies":[{"name":"wp","href":"https:\/\/api.w.org\/{rel}","templated":true}]}}