{"id":20259,"date":"2025-11-13T07:35:40","date_gmt":"2025-11-13T07:35:40","guid":{"rendered":"https:\/\/dharmashop.de\/?post_type=product&#038;p=20259"},"modified":"2026-04-18T07:14:26","modified_gmt":"2026-04-18T07:14:26","slug":"der-weg-der-bodhisattvas","status":"publish","type":"product","link":"https:\/\/dharmashop.de\/en\/produkt\/der-weg-der-bodhisattvas\/","title":{"rendered":"Der Weg der Bodhisattvas"},"content":{"rendered":"","protected":false},"excerpt":{"rendered":"<p><i>Der Weg der Bodhisattvas<\/i>\u00a0(<i>Bodhicharyavatara<\/i>) \u2013 einer der gro\u00dfen Klassiker des Mahayana-Buddhismus \u2013 ist ein Leitfaden, der uns zeigt, wie wir den Erleuchtungsgeist erwecken und Liebe, Mitgef\u00fchl, Gro\u00dfz\u00fcgigkeit und Geduld entwickeln k\u00f6nnen. Ein Text, der von allen buddhistischen Traditionen gleicherma\u00dfen gesch\u00e4tzt wird. Das Werk, urspr\u00fcnglich in Sanskrit verfasst, erschien erstmals im 8. Jahrhundert in tibetischer \u00dcbersetzung und wurde in Tibet in einer ununterbrochenen \u00dcberlieferungstradition erl\u00e4utert, studiert und praktiziert. Das verleiht der tibetischen Version des\u00a0<i>Bodhicharyavatara<\/i>\u00a0eine ganz besondere Autorit\u00e4t.<\/p>","protected":false},"featured_media":20751,"template":"","meta":[],"product_brand":[],"product_cat":[65,19],"product_tag":[],"class_list":{"0":"post-20259","1":"product","2":"type-product","3":"status-publish","4":"has-post-thumbnail","6":"product_cat-buddhismus-allgemein","7":"product_cat-buecher","8":"sales-flash-overlay","9":"woocommerce-text-align-left","10":"woocommerce-image-align-center","11":"do-quantity-buttons","13":"first","14":"instock","15":"taxable","16":"shipping-taxable","17":"purchasable","18":"product-type-simple"},"acf":[],"_links":{"self":[{"href":"https:\/\/dharmashop.de\/en\/wp-json\/wp\/v2\/product\/20259","targetHints":{"allow":["GET"]}}],"collection":[{"href":"https:\/\/dharmashop.de\/en\/wp-json\/wp\/v2\/product"}],"about":[{"href":"https:\/\/dharmashop.de\/en\/wp-json\/wp\/v2\/types\/product"}],"wp:featuredmedia":[{"embeddable":true,"href":"https:\/\/dharmashop.de\/en\/wp-json\/wp\/v2\/media\/20751"}],"wp:attachment":[{"href":"https:\/\/dharmashop.de\/en\/wp-json\/wp\/v2\/media?parent=20259"}],"wp:term":[{"taxonomy":"product_brand","embeddable":true,"href":"https:\/\/dharmashop.de\/en\/wp-json\/wp\/v2\/product_brand?post=20259"},{"taxonomy":"product_cat","embeddable":true,"href":"https:\/\/dharmashop.de\/en\/wp-json\/wp\/v2\/product_cat?post=20259"},{"taxonomy":"product_tag","embeddable":true,"href":"https:\/\/dharmashop.de\/en\/wp-json\/wp\/v2\/product_tag?post=20259"}],"curies":[{"name":"wp","href":"https:\/\/api.w.org\/{rel}","templated":true}]}}