{"id":20448,"date":"2026-01-16T17:39:34","date_gmt":"2026-01-16T17:39:34","guid":{"rendered":"https:\/\/dharmashop.de\/?post_type=product&#038;p=20448"},"modified":"2026-03-12T09:44:58","modified_gmt":"2026-03-12T09:44:58","slug":"kupferbecher-baum-des-lebens","status":"publish","type":"product","link":"https:\/\/dharmashop.de\/en\/produkt\/kupferbecher-baum-des-lebens\/","title":{"rendered":"Kupferbecher Baum des Lebens"},"content":{"rendered":"","protected":false},"excerpt":{"rendered":"<p><strong>\u00dcber das Produkt<\/strong><br \/>\n99,9% reines Kupfer<br \/>\nAu\u00dfen: poliert und lackiert<br \/>\nInnen: poliert<br \/>\nNur f\u00fcr Kaltwasser! \u2022 Das Vergn\u00fcgen, reines Wasser zu trinken<br \/>\n\u2022 Nur f\u00fcr Wasser geeignet. Nicht f\u00fcr Milch, Zitrusfr\u00fcchte und saure Fl\u00fcssigkeiten<\/p>","protected":false},"featured_media":20449,"template":"","meta":[],"product_brand":[],"product_cat":[239],"product_tag":[],"class_list":{"0":"post-20448","1":"product","2":"type-product","3":"status-publish","4":"has-post-thumbnail","6":"product_cat-geschenkartikel","7":"sales-flash-overlay","8":"woocommerce-text-align-left","9":"woocommerce-image-align-center","10":"do-quantity-buttons","12":"first","13":"instock","14":"taxable","15":"shipping-taxable","16":"purchasable","17":"product-type-simple"},"acf":[],"_links":{"self":[{"href":"https:\/\/dharmashop.de\/en\/wp-json\/wp\/v2\/product\/20448","targetHints":{"allow":["GET"]}}],"collection":[{"href":"https:\/\/dharmashop.de\/en\/wp-json\/wp\/v2\/product"}],"about":[{"href":"https:\/\/dharmashop.de\/en\/wp-json\/wp\/v2\/types\/product"}],"wp:featuredmedia":[{"embeddable":true,"href":"https:\/\/dharmashop.de\/en\/wp-json\/wp\/v2\/media\/20449"}],"wp:attachment":[{"href":"https:\/\/dharmashop.de\/en\/wp-json\/wp\/v2\/media?parent=20448"}],"wp:term":[{"taxonomy":"product_brand","embeddable":true,"href":"https:\/\/dharmashop.de\/en\/wp-json\/wp\/v2\/product_brand?post=20448"},{"taxonomy":"product_cat","embeddable":true,"href":"https:\/\/dharmashop.de\/en\/wp-json\/wp\/v2\/product_cat?post=20448"},{"taxonomy":"product_tag","embeddable":true,"href":"https:\/\/dharmashop.de\/en\/wp-json\/wp\/v2\/product_tag?post=20448"}],"curies":[{"name":"wp","href":"https:\/\/api.w.org\/{rel}","templated":true}]}}