{"id":20462,"date":"2026-01-16T18:28:55","date_gmt":"2026-01-16T18:28:55","guid":{"rendered":"https:\/\/dharmashop.de\/?post_type=product&#038;p=20462"},"modified":"2026-03-12T09:44:54","modified_gmt":"2026-03-12T09:44:54","slug":"buddha-amitabha-figur-2-farbig-2","status":"publish","type":"product","link":"https:\/\/dharmashop.de\/en\/produkt\/buddha-amitabha-figur-2-farbig-2\/","title":{"rendered":"Buddha Amitabha Figur 2-farbig"},"content":{"rendered":"","protected":false},"excerpt":{"rendered":"<p>Aus Messing, 20 cm. Padmasambhava, ein indischer M\u00f6nch aus dem 8. Jahrhundert brachte die Aus\u00fcbung des Amitabha nach Tibet und Nepal. Im tibetischen Buddhismus repr\u00e4sentiert Amithaba einen der f\u00fcnf Dhyani Buddhas und symbolisiert Konzentration, Zufriedenheit und unterscheidendes Bewusstsein. Die Visualisierungsfarbe ist rot und diese Buddhaform ist verbunden mit dem Halschakra. Das Mantra des Amithaba ist: Om Ah Amithaba Hum.<\/p>","protected":false},"featured_media":20463,"template":"","meta":[],"product_brand":[],"product_cat":[77],"product_tag":[],"class_list":{"0":"post-20462","1":"product","2":"type-product","3":"status-publish","4":"has-post-thumbnail","6":"product_cat-statuen","7":"sales-flash-overlay","8":"woocommerce-text-align-left","9":"woocommerce-image-align-center","10":"do-quantity-buttons","12":"first","13":"instock","14":"taxable","15":"shipping-taxable","16":"purchasable","17":"product-type-simple"},"acf":[],"_links":{"self":[{"href":"https:\/\/dharmashop.de\/en\/wp-json\/wp\/v2\/product\/20462","targetHints":{"allow":["GET"]}}],"collection":[{"href":"https:\/\/dharmashop.de\/en\/wp-json\/wp\/v2\/product"}],"about":[{"href":"https:\/\/dharmashop.de\/en\/wp-json\/wp\/v2\/types\/product"}],"wp:featuredmedia":[{"embeddable":true,"href":"https:\/\/dharmashop.de\/en\/wp-json\/wp\/v2\/media\/20463"}],"wp:attachment":[{"href":"https:\/\/dharmashop.de\/en\/wp-json\/wp\/v2\/media?parent=20462"}],"wp:term":[{"taxonomy":"product_brand","embeddable":true,"href":"https:\/\/dharmashop.de\/en\/wp-json\/wp\/v2\/product_brand?post=20462"},{"taxonomy":"product_cat","embeddable":true,"href":"https:\/\/dharmashop.de\/en\/wp-json\/wp\/v2\/product_cat?post=20462"},{"taxonomy":"product_tag","embeddable":true,"href":"https:\/\/dharmashop.de\/en\/wp-json\/wp\/v2\/product_tag?post=20462"}],"curies":[{"name":"wp","href":"https:\/\/api.w.org\/{rel}","templated":true}]}}