{"id":20488,"date":"2026-01-23T08:20:15","date_gmt":"2026-01-23T08:20:15","guid":{"rendered":"https:\/\/dharmashop.de\/?post_type=product&#038;p=20488"},"modified":"2026-03-12T09:44:53","modified_gmt":"2026-03-12T09:44:53","slug":"thangka-bedruckt-chenrezig","status":"publish","type":"product","link":"https:\/\/dharmashop.de\/en\/produkt\/thangka-bedruckt-chenrezig\/","title":{"rendered":"Thangka bedruckt Chenrezig"},"content":{"rendered":"","protected":false},"excerpt":{"rendered":"<p>Kleines gedrucktes Thangka von Chenrezig oder Avalokiteshvara, dem Buddha des gro\u00dfen Mitgef\u00fchls.<br \/>\nUm einen beliebigen Raum zu schm\u00fccken oder \u00fcber einem Altar zu h\u00e4ngen.<br \/>\nMit Brokatrahmen.<\/p>\n<div class=\"spec-desc\">Gr\u00f6\u00dfe cm<\/div>\n<div class=\"spec-value\">\u00b1 29 x 20<\/div>","protected":false},"featured_media":20489,"template":"","meta":[],"product_brand":[],"product_cat":[79],"product_tag":[],"class_list":{"0":"post-20488","1":"product","2":"type-product","3":"status-publish","4":"has-post-thumbnail","6":"product_cat-thangkas-thangkas","7":"sales-flash-overlay","8":"woocommerce-text-align-left","9":"woocommerce-image-align-center","10":"do-quantity-buttons","12":"first","13":"instock","14":"taxable","15":"shipping-taxable","16":"purchasable","17":"product-type-simple"},"acf":[],"_links":{"self":[{"href":"https:\/\/dharmashop.de\/en\/wp-json\/wp\/v2\/product\/20488","targetHints":{"allow":["GET"]}}],"collection":[{"href":"https:\/\/dharmashop.de\/en\/wp-json\/wp\/v2\/product"}],"about":[{"href":"https:\/\/dharmashop.de\/en\/wp-json\/wp\/v2\/types\/product"}],"wp:featuredmedia":[{"embeddable":true,"href":"https:\/\/dharmashop.de\/en\/wp-json\/wp\/v2\/media\/20489"}],"wp:attachment":[{"href":"https:\/\/dharmashop.de\/en\/wp-json\/wp\/v2\/media?parent=20488"}],"wp:term":[{"taxonomy":"product_brand","embeddable":true,"href":"https:\/\/dharmashop.de\/en\/wp-json\/wp\/v2\/product_brand?post=20488"},{"taxonomy":"product_cat","embeddable":true,"href":"https:\/\/dharmashop.de\/en\/wp-json\/wp\/v2\/product_cat?post=20488"},{"taxonomy":"product_tag","embeddable":true,"href":"https:\/\/dharmashop.de\/en\/wp-json\/wp\/v2\/product_tag?post=20488"}],"curies":[{"name":"wp","href":"https:\/\/api.w.org\/{rel}","templated":true}]}}