{"id":20658,"date":"2026-03-10T08:55:53","date_gmt":"2026-03-10T08:55:53","guid":{"rendered":"https:\/\/dharmashop.de\/?post_type=product&#038;p=20658"},"modified":"2026-04-02T07:45:14","modified_gmt":"2026-04-02T07:45:14","slug":"eine-girlande-aus-blauen-lotusblumen","status":"publish","type":"product","link":"https:\/\/dharmashop.de\/en\/produkt\/eine-girlande-aus-blauen-lotusblumen\/","title":{"rendered":"Eine Girlande aus Blauen Lotusblumen"},"content":{"rendered":"","protected":false},"excerpt":{"rendered":"<p>NEU!!<\/p>\n<p>Die ehrw\u00fcrdige Tara war schon immer eine der bedeutendsten Gottheiten sowohl in Indien als auch in Tibet.<br \/>\nUnter allen \u00dcbertragungslinien der Tara hat diese besondere Linie der F\u00fcnf-Gottheiten-Tara, die von<br \/>\nNagarjuna \u00fcberliefert wurde, die ehrw\u00fcrdigste Quelle und die l\u00e4ngste Geschichte. Dar\u00fcber hinaus ist sie auch<br \/>\neine wichtige Praxis der Karma-Kagy\u00fc-\u00dcbertragungslinie. Aufgrund karmischer Verbindungen und<br \/>\nBestrebungen besteht sowohl f\u00fcr den Buddhismus im Allgemeinen als auch f\u00fcr den einzelnen<br \/>\nPraktizierenden eine tiefe Verbindung, wenn Mitglieder der Karma-Kagy\u00fc-Linie diese Praxis aus\u00fcben; sie ist<br \/>\neine authentische \u00dcbertragung der Linie.<br \/>\nDer Siebzehnte Karmapa, Ogyen Trinley Dorje, hat k\u00fcrzlich eine ausf\u00fchrliche Liturgie f\u00fcr die Praxis der<br \/>\nF\u00fcnf-Gottheiten-Tara verfasst und damit diese Praxis in den Kl\u00f6stern und Nonnenkl\u00f6stern der Karma-<br \/>\nKagy\u00fc-Tradition wiederbelebt. Obwohl dies bereits ein gro\u00dfes Gl\u00fcck ist, hatte Seine Heiligkeit auch den<br \/>\nGedanken, dass eine kurze t\u00e4gliche Praxis, die f\u00fcr Einzelpersonen leicht auszuf\u00fchren ist, von gro\u00dfem Nutzen<br \/>\nw\u00e4re. Mehrere Interessierte ermutigten ihn ebenfalls, eine solche zu verfassen. Daher schrieb er diese<br \/>\nt\u00e4gliche Praxis mit dem Titel \u201eEine Girlande aus blauen Lotosblumen\u201c.<br \/>\nNicht nur ist die Sprache wundersch\u00f6n, sondern auch die wesentlichen Punkte der Praxis sind darin<br \/>\nvollst\u00e4ndig enthalten, sodass sie gro\u00dfe Kraft und Segenskraft besitzt. Da sie nun ver\u00f6ffentlicht wurde,<br \/>\nermutigen wir alle, sie zu praktizieren.<br \/>\nDie ehrw\u00fcrdige Tara geh\u00f6rt seit jeher zu den wichtigsten Gottheiten im Buddhismus, sowohl in Indien als<br \/>\nauch in Tibet. Unter den vielen Tara-\u00dcbertragungslinien gilt besonders die Linie der F\u00fcnf-Gottheiten-Tara,<br \/>\ndie auf Nagarjuna zur\u00fcckgeht, als sehr alt und bedeutend. Sie hat eine lange Geschichte und eine besonders<br \/>\nehrw\u00fcrdige Herkunft.<br \/>\nDiese Praxis ist auch ein wichtiger Teil der Karma-Kagy\u00fc-Tradition. Durch karmische Verbindungen und<br \/>\ngemeinsame Bestrebungen entsteht eine tiefe Verbindung \u2013 sowohl f\u00fcr den Buddhismus allgemein als auch<br \/>\nf\u00fcr den einzelnen Praktizierenden \u2013 wenn Mitglieder dieser Linie die Praxis ausf\u00fchren. Sie gilt als eine<br \/>\nauthentische und direkte \u00dcbertragung der Tradition.<br \/>\nDer 17. Karmapa, Ogyen Trinley Dorje, hat vor Kurzem eine ausf\u00fchrliche Liturgie f\u00fcr die Praxis der F\u00fcnf-<br \/>\nGottheiten-Tara geschrieben. Dadurch wurde diese Praxis in den Kl\u00f6stern und Nonnenkl\u00f6stern der Karma-<br \/>\nKagy\u00fc-Tradition wiederbelebt.<br \/>\nGleichzeitig dachte Seine Heiligkeit, dass es hilfreich w\u00e4re, eine kurze t\u00e4gliche Praxis zu haben, die<br \/>\nMenschen leicht in ihren Alltag integrieren k\u00f6nnen. Mehrere Interessierte baten ihn ebenfalls darum. Deshalb<br \/>\nschrieb er eine solche t\u00e4gliche Praxis mit dem Titel \u201eEine Girlande aus blauen Lotosblumen\u201c.<br \/>\nDie Sprache dieses Textes ist sehr sch\u00f6n, und alle wichtigen Punkte der Praxis sind darin enthalten. Deshalb<br \/>\nwird ihm gro\u00dfe Kraft und Segenskraft zugeschrieben.<br \/>\nDa dieser Text nun ver\u00f6ffentlicht wurde, m\u00f6chten wir alle dazu ermutigen, diese Praxis auszu\u00fcben.Eine Girlande aus blauen Lotosblumen ist eine kurze, kraftvolle t\u00e4gliche Praxis der F\u00fcnf-Gottheiten-Tara<br \/>\naus der Karma-Kagy\u00fc-Tradition des tibetischen Buddhismus. Diese besondere Tara-Praxis geht auf den<br \/>\ngro\u00dfen Meister Nagarjuna zur\u00fcck und gilt als eine der \u00e4ltesten und bedeutendsten \u00dcbertragungslinien der<br \/>\nTara.<br \/>\nDer 17. Karmapa, Ogyen Trinley Dorje, hat diese Praxis in j\u00fcngerer Zeit neu belebt und eine ausf\u00fchrliche<br \/>\nLiturgie verfasst. Um die Praxis auch f\u00fcr Einzelne im Alltag zug\u00e4nglich zu machen, schrieb er zus\u00e4tzlich<br \/>\ndiese kurze t\u00e4gliche Praxis. In klarer und zugleich poetischer Sprache fasst sie die wesentlichen Punkte der<br \/>\nMeditation zusammen und \u00fcbermittelt die Segenskraft der lebendigen Linie.<br \/>\nDieses Buch l\u00e4dt Praktizierende und Interessierte ein, sich mit der Weisheit und dem Mitgef\u00fchl der Tara zu<br \/>\nverbinden und eine authentische Praxis der Karma-Kagy\u00fc-Tradition in ihr t\u00e4gliches Leben zu integrieren.<\/p>","protected":false},"featured_media":20659,"template":"","meta":[],"product_brand":[],"product_cat":[65,91,59,19],"product_tag":[],"class_list":{"0":"post-20658","1":"product","2":"type-product","3":"status-publish","4":"has-post-thumbnail","6":"product_cat-buddhismus-allgemein","7":"product_cat-pujastexte","8":"product_cat-texte-und-pujas","9":"product_cat-buecher","10":"sales-flash-overlay","11":"woocommerce-text-align-left","12":"woocommerce-image-align-center","13":"do-quantity-buttons","15":"first","16":"instock","17":"taxable","18":"shipping-taxable","19":"purchasable","20":"product-type-simple"},"acf":[],"_links":{"self":[{"href":"https:\/\/dharmashop.de\/en\/wp-json\/wp\/v2\/product\/20658","targetHints":{"allow":["GET"]}}],"collection":[{"href":"https:\/\/dharmashop.de\/en\/wp-json\/wp\/v2\/product"}],"about":[{"href":"https:\/\/dharmashop.de\/en\/wp-json\/wp\/v2\/types\/product"}],"wp:featuredmedia":[{"embeddable":true,"href":"https:\/\/dharmashop.de\/en\/wp-json\/wp\/v2\/media\/20659"}],"wp:attachment":[{"href":"https:\/\/dharmashop.de\/en\/wp-json\/wp\/v2\/media?parent=20658"}],"wp:term":[{"taxonomy":"product_brand","embeddable":true,"href":"https:\/\/dharmashop.de\/en\/wp-json\/wp\/v2\/product_brand?post=20658"},{"taxonomy":"product_cat","embeddable":true,"href":"https:\/\/dharmashop.de\/en\/wp-json\/wp\/v2\/product_cat?post=20658"},{"taxonomy":"product_tag","embeddable":true,"href":"https:\/\/dharmashop.de\/en\/wp-json\/wp\/v2\/product_tag?post=20658"}],"curies":[{"name":"wp","href":"https:\/\/api.w.org\/{rel}","templated":true}]}}