{"id":20689,"date":"2026-03-24T08:50:58","date_gmt":"2026-03-24T08:50:58","guid":{"rendered":"https:\/\/dharmashop.de\/?post_type=product&#038;p=20689"},"modified":"2026-04-18T07:04:00","modified_gmt":"2026-04-18T07:04:00","slug":"letztendliche-sicht-und-meditation-2","status":"publish","type":"product","link":"https:\/\/dharmashop.de\/en\/produkt\/letztendliche-sicht-und-meditation-2\/","title":{"rendered":"Ultimate vision and meditation"},"content":{"rendered":"","protected":false},"excerpt":{"rendered":"<p>&nbsp;<\/p>\n<p>\u201eDie urspr\u00fcngliche Wachheit des Vipashyana, der wichtigste Teil der \u00dcbung, h\u00e4ngt einzig und allein davon ab, ob man den Segen und die aufzeigende Unterweisung erhalten hat \u2013 oder nicht.\u201c<\/p>\n<p>Tsele Natsok Rangdr\u00f6l, wurde in Tibet \u2013 dem Land des Schnees \u2013 geboren. Zu Beginn hat er durch Studium und Reflexion die Kernpunkte von all dem, was es zu verstehen gibt, entr\u00e4tselt. Durch Meditations\u00fcbung brachte er es zu tiefgr\u00fcndiger Erkenntnis und Verwirklichung und wurde als gro\u00dfer Pandita und Siddha bekannt, als gelehrter und vollendeter Meister.<\/p>\n<p>Sch\u00e4tze bitte dieses Buch als Kernanweisung \u2013 als direkten Pfad, der vollst\u00e4ndig und fehlerfrei ist. Versuche, seine Bedeutung in deinem Herzen so gut du irgend kannst aufzunehmen.<\/p>\n<p>Sarva mangalam \u2013 m\u00f6ge es gl\u00fcckverhei\u00dfend sein!<\/p>\n<p>Ch\u00f6kyi Nyima Rinpoche<\/p>\n<p>&nbsp;<\/p>\n<p>Aus dem Tibetischen ins Englische \u00fcbersetzt von Erik Pema Kunsang<br \/>\nDeutsche \u00dcbersetzung aus dem Englischen von Karl F. Gross, MD<br \/>\nDas Buch enth\u00e4lt den tibetischen Originaltext<br \/>\n2.\u00a0<strong>Neu \u00fcberarbeitete Auflage 2021<\/strong><\/p>","protected":false},"featured_media":20749,"template":"","meta":[],"product_brand":[],"product_cat":[65,237,19],"product_tag":[],"class_list":{"0":"post-20689","1":"product","2":"type-product","3":"status-publish","4":"has-post-thumbnail","6":"product_cat-buddhismus-allgemein","7":"product_cat-zeitschriften-und-kalender","8":"product_cat-buecher","9":"sales-flash-overlay","10":"woocommerce-text-align-left","11":"woocommerce-image-align-center","12":"do-quantity-buttons","14":"first","15":"instock","16":"taxable","17":"shipping-taxable","18":"purchasable","19":"product-type-simple"},"acf":[],"_links":{"self":[{"href":"https:\/\/dharmashop.de\/en\/wp-json\/wp\/v2\/product\/20689","targetHints":{"allow":["GET"]}}],"collection":[{"href":"https:\/\/dharmashop.de\/en\/wp-json\/wp\/v2\/product"}],"about":[{"href":"https:\/\/dharmashop.de\/en\/wp-json\/wp\/v2\/types\/product"}],"wp:featuredmedia":[{"embeddable":true,"href":"https:\/\/dharmashop.de\/en\/wp-json\/wp\/v2\/media\/20749"}],"wp:attachment":[{"href":"https:\/\/dharmashop.de\/en\/wp-json\/wp\/v2\/media?parent=20689"}],"wp:term":[{"taxonomy":"product_brand","embeddable":true,"href":"https:\/\/dharmashop.de\/en\/wp-json\/wp\/v2\/product_brand?post=20689"},{"taxonomy":"product_cat","embeddable":true,"href":"https:\/\/dharmashop.de\/en\/wp-json\/wp\/v2\/product_cat?post=20689"},{"taxonomy":"product_tag","embeddable":true,"href":"https:\/\/dharmashop.de\/en\/wp-json\/wp\/v2\/product_tag?post=20689"}],"curies":[{"name":"wp","href":"https:\/\/api.w.org\/{rel}","templated":true}]}}