{"id":20736,"date":"2026-04-15T07:31:42","date_gmt":"2026-04-15T07:31:42","guid":{"rendered":"https:\/\/dharmashop.de\/?post_type=product&#038;p=20736"},"modified":"2026-04-15T07:33:51","modified_gmt":"2026-04-15T07:33:51","slug":"tibetan-womens-jewelry","status":"publish","type":"product","link":"https:\/\/dharmashop.de\/en\/produkt\/tibetan-womens-jewelry\/","title":{"rendered":"Tibetan Women\u2019s Jewelry"},"content":{"rendered":"","protected":false},"excerpt":{"rendered":"<p>1,072 pp., 23 \u00d7 30 cm, 1,077 ills.<br \/>\nHardcover with dust jacket. English.<\/p>\n<p>Tibetan Women\u2019s Jewelry describes the cultural history of Central<br \/>\nTibet told through traditional jewelry and trade from the<br \/>\n17th century of the 5th Dalai Lama through the 14th Dalai Lama\u2019s<br \/>\n1959 exile to India. This art book presents 10 distinctive styles<br \/>\nof women\u2019s relic boxes (Gaus), as well as other adornments<br \/>\nand traditional clothing elements. Details from private interviews<br \/>\nwith the last nobles and master goldsmiths reveal how these<br \/>\ntreasures were worn. This innovative study establishes for the<br \/>\nfirst time that jewelry styles changed with each Dalai Lama,<br \/>\nsetting an important dating precedent for all Tibetan collectibles.<br \/>\nMeticulous research makes this the definitive scholarly publication<br \/>\non Tibetan jewelry.<\/p>\n<p>&nbsp;<\/p>\n<p>Tibetan Women\u2019s Jewelry dokumentiert die Kulturgeschichte<br \/>\nZentraltibets ausgehend vom traditionellen Schmuck des<br \/>\n17. Jahrhunderts, der Zeit des 5. Dalai Lama, bis zum Exil des<br \/>\n14. Dalai Lama nach Indien im Jahr 1959. Diese Publikation<br \/>\npr\u00e4sentiert zehn Gestaltungsvarianten der Reliquienschatullen<br \/>\n(Gaus) f\u00fcr Frauen sowie weiteren Schmuck und Bestandteile<br \/>\nder Tracht. Durch Interviews mit den letzten lebenden Adeligen<br \/>\naus Lhasa sowie mit alten Goldschmiedemeistern erfuhr die<br \/>\nAutorin zahlreiche Details. Diese Studie weist erstmals nach, dass<br \/>\nsich der Stil dieser Schmuckst\u00fccke mit jedem Dalai Lama \u00e4nderte.<br \/>\nNicht zuletzt dadurch ist dieser Band die ma\u00dfgebliche wissenschaftliche<br \/>\nPublikation zu traditionellem tibetischem Schmuck.<br \/>\n9 783897 907270<br \/>\nLynn Levenberg, President of Lynn Levenberg Ltd.,<br \/>\nNew York (US), specializes in Tibetan, Nepalese,<br \/>\nBhutanese, Ladakhi, and Mongolian jewelry. Her<br \/>\nBachelor\u2019s and Master\u2019s degrees in English literature<br \/>\nare from Columbia University (US). From 1991 to<br \/>\n2014, she chose and extensively researched every<br \/>\npiece in the large Barbara &amp; David Kipper jewelry<br \/>\ncollection. Lynn Levenberg\u2019s thirty years of research<br \/>\non Buddhist jewelry have made her the only knowledgeable<br \/>\nexpert in this field.<br \/>\nLynn Levenberg ist auf tibetischen, nepalesischen,<br \/>\nbhutanischen, ladakhischen und mongolischen<br \/>\nSchmuck spezialisiert. Sie hat einen Bachelor- und<br \/>\neinen Master-Abschluss in englischer Literatur von<br \/>\nder Columbia University (USA) und leitet ihre eigene<br \/>\nFirma Lynn Levenberg Ltd. in New York (USA).<br \/>\nVon 1991 bis 2014 erforschte sie die Sammlung<br \/>\ntibetischen Schmucks von Barbara und David Kipper.<br \/>\nDurch ihre \u00fcber drei\u00dfigj\u00e4hrige Forschung zu buddhistischem<br \/>\nSchmuck ist Lynn Levenberg die definitive<br \/>\nExpertin auf diesem Gebiet.<\/p>","protected":false},"featured_media":20737,"template":"","meta":[],"product_brand":[],"product_cat":[71,19],"product_tag":[],"class_list":{"0":"post-20736","1":"product","2":"type-product","3":"status-publish","4":"has-post-thumbnail","6":"product_cat-englische-buecher","7":"product_cat-buecher","8":"sales-flash-overlay","9":"woocommerce-text-align-left","10":"woocommerce-image-align-center","11":"do-quantity-buttons","13":"first","14":"instock","15":"taxable","16":"shipping-taxable","17":"purchasable","18":"product-type-simple"},"acf":[],"_links":{"self":[{"href":"https:\/\/dharmashop.de\/en\/wp-json\/wp\/v2\/product\/20736","targetHints":{"allow":["GET"]}}],"collection":[{"href":"https:\/\/dharmashop.de\/en\/wp-json\/wp\/v2\/product"}],"about":[{"href":"https:\/\/dharmashop.de\/en\/wp-json\/wp\/v2\/types\/product"}],"wp:featuredmedia":[{"embeddable":true,"href":"https:\/\/dharmashop.de\/en\/wp-json\/wp\/v2\/media\/20737"}],"wp:attachment":[{"href":"https:\/\/dharmashop.de\/en\/wp-json\/wp\/v2\/media?parent=20736"}],"wp:term":[{"taxonomy":"product_brand","embeddable":true,"href":"https:\/\/dharmashop.de\/en\/wp-json\/wp\/v2\/product_brand?post=20736"},{"taxonomy":"product_cat","embeddable":true,"href":"https:\/\/dharmashop.de\/en\/wp-json\/wp\/v2\/product_cat?post=20736"},{"taxonomy":"product_tag","embeddable":true,"href":"https:\/\/dharmashop.de\/en\/wp-json\/wp\/v2\/product_tag?post=20736"}],"curies":[{"name":"wp","href":"https:\/\/api.w.org\/{rel}","templated":true}]}}