{"id":20844,"date":"2026-05-07T07:27:51","date_gmt":"2026-05-07T07:27:51","guid":{"rendered":"https:\/\/dharmashop.de\/?post_type=product&#038;p=20844"},"modified":"2026-05-07T07:28:45","modified_gmt":"2026-05-07T07:28:45","slug":"klappkarte-wollfried","status":"publish","type":"product","link":"https:\/\/dharmashop.de\/en\/produkt\/klappkarte-wollfried\/","title":{"rendered":"Klappkarte &#8211; Wollfried"},"content":{"rendered":"","protected":false},"excerpt":{"rendered":"<p>Product information:<br \/>\n\u2022 Material: Hochwertiges Bambus-Premiumpapier mit einer Grammatur von 265 g und in den Ma\u00dfen 16,5 cm \u00d7 11,5 cm. Kombiniert mit einem eleganten Umschlag aus Kraftpapier mit 125 g.<br \/>\n\u2022 Optik &amp; Haptik: Erlebe die ansprechende Optik und Haptik dank der ungestrichenen Oberfl\u00e4che, die eine besondere \u00c4sthetik bietet.<br \/>\n\u2022 Nachhaltigkeit: Bambus ist eine schnell nachwachsende, umweltfreundliche Ressource, die weniger Pestizide und D\u00fcngemittel ben\u00f6tigt. Zudem absorbiert er mehr Kohlendioxid und produziert mehr Sauerstoff als viele B\u00e4ume.<br \/>\n\u2022 Druckqualit\u00e4t: Unser Druck erfolgt in enger Zusammenarbeit mit K\u00fcnstlerin Hanna Ligeti, um einzigartige Designs zu gew\u00e4hrleisten.<br \/>\n\u2022 Produktion: Alle Postkarten werden lokal in Deutschland in unserer \u00f6rtlichen Druckerei gefertigt.<\/p>","protected":false},"featured_media":20845,"template":"","meta":[],"product_brand":[],"product_cat":[89],"product_tag":[],"class_list":{"0":"post-20844","1":"product","2":"type-product","3":"status-publish","4":"has-post-thumbnail","6":"product_cat-postkarten-poster","7":"sales-flash-overlay","8":"woocommerce-text-align-left","9":"woocommerce-image-align-center","10":"do-quantity-buttons","12":"first","13":"instock","14":"taxable","15":"shipping-taxable","16":"purchasable","17":"product-type-simple"},"acf":[],"_links":{"self":[{"href":"https:\/\/dharmashop.de\/en\/wp-json\/wp\/v2\/product\/20844","targetHints":{"allow":["GET"]}}],"collection":[{"href":"https:\/\/dharmashop.de\/en\/wp-json\/wp\/v2\/product"}],"about":[{"href":"https:\/\/dharmashop.de\/en\/wp-json\/wp\/v2\/types\/product"}],"wp:featuredmedia":[{"embeddable":true,"href":"https:\/\/dharmashop.de\/en\/wp-json\/wp\/v2\/media\/20845"}],"wp:attachment":[{"href":"https:\/\/dharmashop.de\/en\/wp-json\/wp\/v2\/media?parent=20844"}],"wp:term":[{"taxonomy":"product_brand","embeddable":true,"href":"https:\/\/dharmashop.de\/en\/wp-json\/wp\/v2\/product_brand?post=20844"},{"taxonomy":"product_cat","embeddable":true,"href":"https:\/\/dharmashop.de\/en\/wp-json\/wp\/v2\/product_cat?post=20844"},{"taxonomy":"product_tag","embeddable":true,"href":"https:\/\/dharmashop.de\/en\/wp-json\/wp\/v2\/product_tag?post=20844"}],"curies":[{"name":"wp","href":"https:\/\/api.w.org\/{rel}","templated":true}]}}