{"id":8502,"date":"2023-01-17T15:15:45","date_gmt":"2023-01-17T15:15:45","guid":{"rendered":"https:\/\/dev.dharmashop.de\/product\/buddhismus-eine-einfuhrung\/"},"modified":"2026-05-05T06:49:27","modified_gmt":"2026-05-05T06:49:27","slug":"der-kleine-hirtenjunge","status":"publish","type":"product","link":"https:\/\/dharmashop.de\/en\/produkt\/der-kleine-hirtenjunge\/","title":{"rendered":"Der kleine Hirtenjunge"},"content":{"rendered":"","protected":false},"excerpt":{"rendered":"<div class=\"prh-heading-h3 prh-font-shift prh-mb-5 md:prh-mb-6\">Liebenswerte Fabel mit \u00f6stlichen Weisheiten<\/div>\n<div class=\"prh-font-fort prh-mb-8 md:prh-mb-10 prh-transition-all prh-ease-in-out prh-duration-300\">\n<div class=\"prh-line-clamp-none prh-font-lg prh-leading-relaxed prh-mb-2.5\" data-detail-text=\"\">\n<p>Manchmal reicht eine Kleinigkeit, um das Leben neu zu betrachten.<\/p>\n<p>In dieser inspirierenden und wundersch\u00f6n illustrierten Fabel offenbart sich die Philosophie \u00f6stlicher Weisheiten von \u00fcber Tausenden von Jahren. Es ist hier ein kleiner Junge, der im Kleinen die ganze Welt erf\u00e4hrt und so Lebensfreude, Freundschaft und Gl\u00fcck findet. Zusammen mit einem Ochsen und einem wei\u00dfen Kaninchen erlebt er inmitten der allt\u00e4glichen Arbeit Liebe, Mitgef\u00fchl und Gemeinschaft. In ihren Gespr\u00e4chen tauschen sich die drei \u00fcber Erlebtes aus und dringen vor zu den tiefen Wahrheiten des Lebens.<\/p>\n<p>Angefertigt in Stil der traditionellen Gongbi-Malerei kreiert die taiwanesisch-amerikanische K\u00fcnstlerin Regina Linke eine zauberhafte Atmosph\u00e4re, die Jung und Alt gleicherma\u00dfen gefangen nimmt.<\/p>\n<\/div>\n<\/div>","protected":false},"featured_media":20815,"template":"","meta":[],"product_brand":[],"product_cat":[73,19],"product_tag":[],"class_list":{"0":"post-8502","1":"product","2":"type-product","3":"status-publish","4":"has-post-thumbnail","6":"product_cat-kinderbuecher","7":"product_cat-buecher","8":"sales-flash-overlay","9":"woocommerce-text-align-left","10":"woocommerce-image-align-center","11":"do-quantity-buttons","13":"first","14":"instock","15":"taxable","16":"shipping-taxable","17":"purchasable","18":"product-type-simple"},"acf":[],"_links":{"self":[{"href":"https:\/\/dharmashop.de\/en\/wp-json\/wp\/v2\/product\/8502","targetHints":{"allow":["GET"]}}],"collection":[{"href":"https:\/\/dharmashop.de\/en\/wp-json\/wp\/v2\/product"}],"about":[{"href":"https:\/\/dharmashop.de\/en\/wp-json\/wp\/v2\/types\/product"}],"wp:featuredmedia":[{"embeddable":true,"href":"https:\/\/dharmashop.de\/en\/wp-json\/wp\/v2\/media\/20815"}],"wp:attachment":[{"href":"https:\/\/dharmashop.de\/en\/wp-json\/wp\/v2\/media?parent=8502"}],"wp:term":[{"taxonomy":"product_brand","embeddable":true,"href":"https:\/\/dharmashop.de\/en\/wp-json\/wp\/v2\/product_brand?post=8502"},{"taxonomy":"product_cat","embeddable":true,"href":"https:\/\/dharmashop.de\/en\/wp-json\/wp\/v2\/product_cat?post=8502"},{"taxonomy":"product_tag","embeddable":true,"href":"https:\/\/dharmashop.de\/en\/wp-json\/wp\/v2\/product_tag?post=8502"}],"curies":[{"name":"wp","href":"https:\/\/api.w.org\/{rel}","templated":true}]}}