{"id":8539,"date":"2023-01-30T10:18:51","date_gmt":"2023-01-30T10:18:51","guid":{"rendered":"https:\/\/dev.dharmashop.de\/product\/jenseits-des-buddhismus\/"},"modified":"2026-03-12T10:20:38","modified_gmt":"2026-03-12T10:20:38","slug":"die-kunst-des-achtsamen-putzens","status":"publish","type":"product","link":"https:\/\/dharmashop.de\/en\/produkt\/die-kunst-des-achtsamen-putzens\/","title":{"rendered":"Die Kunst des achtsamen Putzens"},"content":{"rendered":"<p>Putzen und Aufr\u00e4umen ist f\u00fcr die meisten eher eine l\u00e4stige Pflicht, die es m\u00f6glichst schnell hinter sich zu bringen gilt. Doch Keisuke Matsumoto pl\u00e4diert f\u00fcr das Gegenteil: Inspiriert vom japanischen Zen-Buddhismus zeigt er, wie wichtig Putzen f\u00fcr uns ist \u2013 nicht nur f\u00fcr das \u00e4u\u00dfere Wohlbefinden, sondern vor allem f\u00fcr die Seele. Er empfiehlt, Reinigung als bewusstes Ritual in den Alltag zu integrieren. Nur so werden unsere Gedanken und Gef\u00fchle wieder klar, und wir leben kreativer und erf\u00fcllter.<\/p>","protected":false},"excerpt":{"rendered":"<p>Putzen und Aufr\u00e4umen ist f\u00fcr die meisten eher eine l\u00e4stige Pflicht, die es m\u00f6glichst schnell hinter sich zu bringen gilt. Doch Keisuke Matsumoto pl\u00e4diert f\u00fcr das Gegenteil: Inspiriert vom japanischen Zen-Buddhismus zeigt er, wie wichtig Putzen f\u00fcr uns ist \u2013 nicht nur f\u00fcr das \u00e4u\u00dfere Wohlbefinden, sondern vor allem f\u00fcr die Seele. Er empfiehlt, Reinigung als bewusstes Ritual in den Alltag zu integrieren. Nur so werden unsere Gedanken und Gef\u00fchle wieder klar, und wir leben kreativer und erf\u00fcllter.<\/p>","protected":false},"featured_media":19397,"template":"","meta":[],"product_brand":[],"product_cat":[65,19],"product_tag":[],"class_list":{"0":"post-8539","1":"product","2":"type-product","3":"status-publish","4":"has-post-thumbnail","6":"product_cat-buddhismus-allgemein","7":"product_cat-buecher","8":"sales-flash-overlay","9":"woocommerce-text-align-left","10":"woocommerce-image-align-center","11":"do-quantity-buttons","13":"first","14":"instock","15":"taxable","16":"shipping-taxable","17":"purchasable","18":"product-type-simple"},"acf":[],"_links":{"self":[{"href":"https:\/\/dharmashop.de\/en\/wp-json\/wp\/v2\/product\/8539","targetHints":{"allow":["GET"]}}],"collection":[{"href":"https:\/\/dharmashop.de\/en\/wp-json\/wp\/v2\/product"}],"about":[{"href":"https:\/\/dharmashop.de\/en\/wp-json\/wp\/v2\/types\/product"}],"wp:featuredmedia":[{"embeddable":true,"href":"https:\/\/dharmashop.de\/en\/wp-json\/wp\/v2\/media\/19397"}],"wp:attachment":[{"href":"https:\/\/dharmashop.de\/en\/wp-json\/wp\/v2\/media?parent=8539"}],"wp:term":[{"taxonomy":"product_brand","embeddable":true,"href":"https:\/\/dharmashop.de\/en\/wp-json\/wp\/v2\/product_brand?post=8539"},{"taxonomy":"product_cat","embeddable":true,"href":"https:\/\/dharmashop.de\/en\/wp-json\/wp\/v2\/product_cat?post=8539"},{"taxonomy":"product_tag","embeddable":true,"href":"https:\/\/dharmashop.de\/en\/wp-json\/wp\/v2\/product_tag?post=8539"}],"curies":[{"name":"wp","href":"https:\/\/api.w.org\/{rel}","templated":true}]}}