{"id":8641,"date":"2023-01-30T10:23:22","date_gmt":"2023-01-30T10:23:22","guid":{"rendered":"https:\/\/dev.dharmashop.de\/product\/powerful-joy\/"},"modified":"2026-03-12T10:05:44","modified_gmt":"2026-03-12T10:05:44","slug":"shoti-maa-dreamland-kraeutertee-bio","status":"publish","type":"product","link":"https:\/\/dharmashop.de\/en\/produkt\/shoti-maa-dreamland-kraeutertee-bio\/","title":{"rendered":"Shoti Maa Dreamland Kr\u00e4utertee BIO"},"content":{"rendered":"","protected":false},"excerpt":{"rendered":"<p>BIO-Kr\u00e4uter- und Gew\u00fcrztee, mit Zitronenmelisse &amp; Passionsblume.<br \/>\n<strong>Alles ist getan&#8230; G\u00f6nnen Sie sich einen Moment wohliger Gem\u00fctlichkeit mit Passionsblume, Melisse und Baldrian und tauchen Sie ein in die entspannende Stille der Nacht.<\/strong><\/p>\n<p>Geliefert pro 6 Kartons, der angegebene Preis gilt pro Karton<br \/>\nInformationen auf der Verpackung in Englisch, Niederl\u00e4ndisch, Franz\u00f6sisch, Italienisch und Spanisch<\/p>\n<p><strong>Shoti Maa Balance &#8211; eine Teelinie f\u00fcr einen Tag voller Harmonie<\/strong><br \/>\nAufstieg: Klarheit<br \/>\nLebensquell: Aktiv<br \/>\nLiebe zum Leben: Freude<br \/>\nAbschalten: Entspannung<br \/>\nTraumland: Nacht<\/p>\n<p><strong>\u00dcber das Produkt<\/strong><br \/>\nZertifizierter Bio-Kr\u00e4uter- und Gew\u00fcrztee<br \/>\nEnth\u00e4lt 16 Ein-Cup-Beutel pro Karton<\/p>\n<p><strong>Zubereitung pro Tasse:<\/strong>\u00a0Wasser 100\u00b0C, 5-6 Minuten ziehen lassen<br \/>\nK\u00fchl und trocken lagern<\/p>\n<p><strong>Zutaten<\/strong><br \/>\nZitronenmelisse* (38%), Zitronengras*, Johannisbrot*, Passionsblume* (4%), Zitronenmyrte*, Limette*, Lavendelbl\u00fcten*, Baldrianwurzel* (2%), Hopfen*, Kardamom*, Zimt* , Nelken*, Ingwer*, schwarzer Pfeffer*. * = BIO<\/p>","protected":false},"featured_media":19340,"template":"","meta":[],"product_brand":[],"product_cat":[261,260],"product_tag":[],"class_list":{"0":"post-8641","1":"product","2":"type-product","3":"status-publish","4":"has-post-thumbnail","6":"product_cat-tee","7":"product_cat-ernaehrung","8":"sales-flash-overlay","9":"woocommerce-text-align-left","10":"woocommerce-image-align-center","11":"do-quantity-buttons","13":"first","14":"instock","15":"taxable","16":"shipping-taxable","17":"purchasable","18":"product-type-simple"},"acf":[],"_links":{"self":[{"href":"https:\/\/dharmashop.de\/en\/wp-json\/wp\/v2\/product\/8641","targetHints":{"allow":["GET"]}}],"collection":[{"href":"https:\/\/dharmashop.de\/en\/wp-json\/wp\/v2\/product"}],"about":[{"href":"https:\/\/dharmashop.de\/en\/wp-json\/wp\/v2\/types\/product"}],"wp:featuredmedia":[{"embeddable":true,"href":"https:\/\/dharmashop.de\/en\/wp-json\/wp\/v2\/media\/19340"}],"wp:attachment":[{"href":"https:\/\/dharmashop.de\/en\/wp-json\/wp\/v2\/media?parent=8641"}],"wp:term":[{"taxonomy":"product_brand","embeddable":true,"href":"https:\/\/dharmashop.de\/en\/wp-json\/wp\/v2\/product_brand?post=8641"},{"taxonomy":"product_cat","embeddable":true,"href":"https:\/\/dharmashop.de\/en\/wp-json\/wp\/v2\/product_cat?post=8641"},{"taxonomy":"product_tag","embeddable":true,"href":"https:\/\/dharmashop.de\/en\/wp-json\/wp\/v2\/product_tag?post=8641"}],"curies":[{"name":"wp","href":"https:\/\/api.w.org\/{rel}","templated":true}]}}