{"id":8642,"date":"2023-01-30T10:23:22","date_gmt":"2023-01-30T10:23:22","guid":{"rendered":"https:\/\/dev.dharmashop.de\/product\/shine-bright\/"},"modified":"2026-03-27T07:44:30","modified_gmt":"2026-03-27T07:44:30","slug":"bio-hari-tea-buddha-box","status":"publish","type":"product","link":"https:\/\/dharmashop.de\/en\/produkt\/bio-hari-tea-buddha-box\/","title":{"rendered":"BIO Hari Tea Buddha Box"},"content":{"rendered":"","protected":false},"excerpt":{"rendered":"<p><strong>\u00dcber das Produkt<\/strong><br \/>\nEnth\u00e4lt 11 Teebeutel f\u00fcr eine Tasse<br \/>\nBio-zertifizierter Kr\u00e4uter- und Gew\u00fcrzteeaufguss<br \/>\nLose Teebl\u00e4tter, Kr\u00e4uter, Bl\u00fcten und Gew\u00fcrze in Premiumqualit\u00e4t<br \/>\nGemischt nach Ayurveda<br \/>\nKompostierbare Baumwollteebeutel, verpackt in einer biologisch abbaubaren Tasche<br \/>\nFSC-zertifizierte, recycelbare Pappschachtel, ohne Klebstoff oder Klammern<br \/>\nMit pflanzlicher Tinte gedruckt<br \/>\nInformationen auf der Verpackung in Englisch, Niederl\u00e4ndisch, Deutsch, Franz\u00f6sisch und Italienisch.<\/p>\n<p><strong>Organische und ayurvedische Aufg\u00fcsse<\/strong><br \/>\nK\u00f6stliche, raffinierte und verbl\u00fcffende Kombinationen von Kr\u00e4utern und Gew\u00fcrzen, eingebettet in Teebeutel aus Baumwolle, in denen sich die losen Teemischungen vollst\u00e4ndig und nat\u00fcrlich entspannen und ihre vollen Aromen entfalten k\u00f6nnen.<\/p>\n<p><strong>Vier Kategorien seelenbefriedigender Teemischungen:<\/strong><br \/>\n<em><strong>Geist<\/strong><\/em><br \/>\nHari Tea Mindscape &#8211; Ingwer, Zitrone &amp; Kurkuma<br \/>\nHari Tea Forget Me Not &#8211; Gr\u00fcner Tee &amp; Blumen<\/p>\n<p><em><strong>Spirit<\/strong><\/em><br \/>\nHari Tea Face The Moment &#8211; Rose &amp; Hibiscus<br \/>\nHari Tea Within &amp; Outside &#8211; Jasmintee &amp; Ingwer<br \/>\nHari Tea Inner Connection &#8211; Rooibos &amp; Thymian<br \/>\nHari Tea Sweetheart &#8211; Zitronenmelisse &amp; Kamille<\/p>\n<p><em><strong>Inspiration<\/strong><\/em><br \/>\nHari Tea Geheimnis der Begierde &#8211; Choco Chai<br \/>\nHari Tee in Harmonie &#8211; Golden Chai<br \/>\nHari Tea New Sensation &#8211; Hibiskus &amp; Minze<\/p>\n<p><em><strong>K\u00f6rper<\/strong><\/em><br \/>\nHari Tea Inner Flow &#8211; Gr\u00fcner Tee &amp; Minze<br \/>\nHari Tea Lightness &#8211; Honeybush, Zimt &amp; Rosmarin<\/p>","protected":false},"featured_media":19474,"template":"","meta":[],"product_brand":[],"product_cat":[261,260],"product_tag":[],"class_list":{"0":"post-8642","1":"product","2":"type-product","3":"status-publish","4":"has-post-thumbnail","6":"product_cat-tee","7":"product_cat-ernaehrung","8":"sales-flash-overlay","9":"woocommerce-text-align-left","10":"woocommerce-image-align-center","11":"do-quantity-buttons","13":"first","14":"instock","15":"taxable","16":"shipping-taxable","17":"purchasable","18":"product-type-simple"},"acf":[],"_links":{"self":[{"href":"https:\/\/dharmashop.de\/en\/wp-json\/wp\/v2\/product\/8642","targetHints":{"allow":["GET"]}}],"collection":[{"href":"https:\/\/dharmashop.de\/en\/wp-json\/wp\/v2\/product"}],"about":[{"href":"https:\/\/dharmashop.de\/en\/wp-json\/wp\/v2\/types\/product"}],"wp:featuredmedia":[{"embeddable":true,"href":"https:\/\/dharmashop.de\/en\/wp-json\/wp\/v2\/media\/19474"}],"wp:attachment":[{"href":"https:\/\/dharmashop.de\/en\/wp-json\/wp\/v2\/media?parent=8642"}],"wp:term":[{"taxonomy":"product_brand","embeddable":true,"href":"https:\/\/dharmashop.de\/en\/wp-json\/wp\/v2\/product_brand?post=8642"},{"taxonomy":"product_cat","embeddable":true,"href":"https:\/\/dharmashop.de\/en\/wp-json\/wp\/v2\/product_cat?post=8642"},{"taxonomy":"product_tag","embeddable":true,"href":"https:\/\/dharmashop.de\/en\/wp-json\/wp\/v2\/product_tag?post=8642"}],"curies":[{"name":"wp","href":"https:\/\/api.w.org\/{rel}","templated":true}]}}