{"id":8930,"date":"2023-01-30T10:19:42","date_gmt":"2023-01-30T10:19:42","guid":{"rendered":"https:\/\/dev.dharmashop.de\/product\/weisheitsfunken\/"},"modified":"2026-03-12T10:18:05","modified_gmt":"2026-03-12T10:18:05","slug":"weisheitsfunken","status":"publish","type":"product","link":"https:\/\/dharmashop.de\/en\/produkt\/weisheitsfunken\/","title":{"rendered":"Wisdom spark"},"content":{"rendered":"<p>\n\tAto Rinpoche and others: Sparks of wisdom<\/p>\n<p>\n\tOn the way to an authentic Dharma in the West.<\/p>\n<p>\n\tWith contributions from Ato Rinpoche, Dzogchen P\u00f6nlop Rinpoche, Tai Situpa, Pema Ch\u00f6dr\u00f6n and H.H. Sakya Trizin, among others.<\/p>\n<p>\n\tBerlin (= Manjugosha edition) 2012. 288 pages<\/p>\n<p>\n\t&nbsp;<\/p>","protected":false},"excerpt":{"rendered":"<p>\n\tAto Rinpoche and others: Sparks of wisdom<\/p>\n<p>\n\tOn the way to an authentic Dharma in the West.<\/p>\n<p>\n\tWith contributions from Ato Rinpoche, Dzogchen P\u00f6nlop Rinpoche, Tai Situpa, Pema Ch\u00f6dr\u00f6n and H.H. Sakya Trizin, among others.<\/p>\n<p>\n\tBerlin (= Manjugosha edition) 2012. 288 pages<\/p>\n<p>\n\t&nbsp;<\/p>","protected":false},"featured_media":12879,"template":"","meta":[],"product_brand":[],"product_cat":[65,19],"product_tag":[],"class_list":{"0":"post-8930","1":"product","2":"type-product","3":"status-publish","4":"has-post-thumbnail","6":"product_cat-buddhismus-allgemein","7":"product_cat-buecher","8":"sales-flash-overlay","9":"woocommerce-text-align-left","10":"woocommerce-image-align-center","11":"do-quantity-buttons","13":"first","14":"instock","15":"taxable","16":"shipping-taxable","17":"purchasable","18":"product-type-simple"},"acf":[],"_links":{"self":[{"href":"https:\/\/dharmashop.de\/en\/wp-json\/wp\/v2\/product\/8930","targetHints":{"allow":["GET"]}}],"collection":[{"href":"https:\/\/dharmashop.de\/en\/wp-json\/wp\/v2\/product"}],"about":[{"href":"https:\/\/dharmashop.de\/en\/wp-json\/wp\/v2\/types\/product"}],"wp:featuredmedia":[{"embeddable":true,"href":"https:\/\/dharmashop.de\/en\/wp-json\/wp\/v2\/media\/12879"}],"wp:attachment":[{"href":"https:\/\/dharmashop.de\/en\/wp-json\/wp\/v2\/media?parent=8930"}],"wp:term":[{"taxonomy":"product_brand","embeddable":true,"href":"https:\/\/dharmashop.de\/en\/wp-json\/wp\/v2\/product_brand?post=8930"},{"taxonomy":"product_cat","embeddable":true,"href":"https:\/\/dharmashop.de\/en\/wp-json\/wp\/v2\/product_cat?post=8930"},{"taxonomy":"product_tag","embeddable":true,"href":"https:\/\/dharmashop.de\/en\/wp-json\/wp\/v2\/product_tag?post=8930"}],"curies":[{"name":"wp","href":"https:\/\/api.w.org\/{rel}","templated":true}]}}