{"id":8971,"date":"2023-01-30T10:19:47","date_gmt":"2023-01-30T10:19:47","guid":{"rendered":"https:\/\/dev.dharmashop.de\/product\/das-tibetische-totenbuch\/"},"modified":"2026-03-12T10:17:46","modified_gmt":"2026-03-12T10:17:46","slug":"das-tibetische-totenbuch","status":"publish","type":"product","link":"https:\/\/dharmashop.de\/en\/produkt\/das-tibetische-totenbuch\/","title":{"rendered":"The Tibetan Book of the Dead"},"content":{"rendered":"<p>The Great Liberation by Hearing in the Intermediate States. First complete edition with introductory commentary by the XIV Dalai Lama.<\/p>","protected":false},"excerpt":{"rendered":"<p>Die Gro\u00dfe Befreiung durch H\u00f6ren in den Zwischenzust\u00e4nden. Erste vollst\u00e4ndige Ausgabe mit einleitendem Kommentar des XIV. Dalai Lama. Taschenbuch.<\/p>","protected":false},"featured_media":12917,"template":"","meta":[],"product_brand":[],"product_cat":[253,19],"product_tag":[],"class_list":{"0":"post-8971","1":"product","2":"type-product","3":"status-publish","4":"has-post-thumbnail","6":"product_cat-bardoliteratur-und-sterbebegleitung","7":"product_cat-buecher","8":"sales-flash-overlay","9":"woocommerce-text-align-left","10":"woocommerce-image-align-center","11":"do-quantity-buttons","13":"first","14":"instock","15":"taxable","16":"shipping-taxable","17":"purchasable","18":"product-type-simple"},"acf":[],"_links":{"self":[{"href":"https:\/\/dharmashop.de\/en\/wp-json\/wp\/v2\/product\/8971","targetHints":{"allow":["GET"]}}],"collection":[{"href":"https:\/\/dharmashop.de\/en\/wp-json\/wp\/v2\/product"}],"about":[{"href":"https:\/\/dharmashop.de\/en\/wp-json\/wp\/v2\/types\/product"}],"wp:featuredmedia":[{"embeddable":true,"href":"https:\/\/dharmashop.de\/en\/wp-json\/wp\/v2\/media\/12917"}],"wp:attachment":[{"href":"https:\/\/dharmashop.de\/en\/wp-json\/wp\/v2\/media?parent=8971"}],"wp:term":[{"taxonomy":"product_brand","embeddable":true,"href":"https:\/\/dharmashop.de\/en\/wp-json\/wp\/v2\/product_brand?post=8971"},{"taxonomy":"product_cat","embeddable":true,"href":"https:\/\/dharmashop.de\/en\/wp-json\/wp\/v2\/product_cat?post=8971"},{"taxonomy":"product_tag","embeddable":true,"href":"https:\/\/dharmashop.de\/en\/wp-json\/wp\/v2\/product_tag?post=8971"}],"curies":[{"name":"wp","href":"https:\/\/api.w.org\/{rel}","templated":true}]}}