{"id":8976,"date":"2023-01-30T10:19:47","date_gmt":"2023-01-30T10:19:47","guid":{"rendered":"https:\/\/dev.dharmashop.de\/product\/buddha-natur\/"},"modified":"2026-03-12T10:17:50","modified_gmt":"2026-03-12T10:17:50","slug":"buddha-natur-2","status":"publish","type":"product","link":"https:\/\/dharmashop.de\/en\/produkt\/buddha-natur-2\/","title":{"rendered":"Buddha nature"},"content":{"rendered":"<p>The Mahayana - Uttaratantra - Shastra with commentary by Jamg\u00f6n Kongtr\u00fcl Lodo Thaye and explanations by Khenpo Ts\u00fcltrim Gyamtso Rinpoche.<\/p>\n<p>Kharma Publishing House, 2014<\/p>","protected":false},"excerpt":{"rendered":"<p>The Mahayana - Uttaratantra - Shastra with commentary by Jamg\u00f6n Kongtr\u00fcl Lodo Thaye and explanations by Khenpo Ts\u00fcltrim Gyamtso Rinpoche.<\/p>\n<p>Kharma Publishing House, 2014<\/p>","protected":false},"featured_media":12922,"template":"","meta":[],"product_brand":[],"product_cat":[65,19],"product_tag":[],"class_list":{"0":"post-8976","1":"product","2":"type-product","3":"status-publish","4":"has-post-thumbnail","6":"product_cat-buddhismus-allgemein","7":"product_cat-buecher","8":"sales-flash-overlay","9":"woocommerce-text-align-left","10":"woocommerce-image-align-center","11":"do-quantity-buttons","13":"first","14":"instock","15":"taxable","16":"shipping-taxable","17":"purchasable","18":"product-type-simple"},"acf":[],"_links":{"self":[{"href":"https:\/\/dharmashop.de\/en\/wp-json\/wp\/v2\/product\/8976","targetHints":{"allow":["GET"]}}],"collection":[{"href":"https:\/\/dharmashop.de\/en\/wp-json\/wp\/v2\/product"}],"about":[{"href":"https:\/\/dharmashop.de\/en\/wp-json\/wp\/v2\/types\/product"}],"wp:featuredmedia":[{"embeddable":true,"href":"https:\/\/dharmashop.de\/en\/wp-json\/wp\/v2\/media\/12922"}],"wp:attachment":[{"href":"https:\/\/dharmashop.de\/en\/wp-json\/wp\/v2\/media?parent=8976"}],"wp:term":[{"taxonomy":"product_brand","embeddable":true,"href":"https:\/\/dharmashop.de\/en\/wp-json\/wp\/v2\/product_brand?post=8976"},{"taxonomy":"product_cat","embeddable":true,"href":"https:\/\/dharmashop.de\/en\/wp-json\/wp\/v2\/product_cat?post=8976"},{"taxonomy":"product_tag","embeddable":true,"href":"https:\/\/dharmashop.de\/en\/wp-json\/wp\/v2\/product_tag?post=8976"}],"curies":[{"name":"wp","href":"https:\/\/api.w.org\/{rel}","templated":true}]}}