{"id":9081,"date":"2023-01-30T10:20:04","date_gmt":"2023-01-30T10:20:04","guid":{"rendered":"https:\/\/dev.dharmashop.de\/product\/gampopas-grundlegende-unterweisungen\/"},"modified":"2026-03-12T10:16:44","modified_gmt":"2026-03-12T10:16:44","slug":"wie-die-mitte-des-wolkenlosen-himmels","status":"publish","type":"product","link":"https:\/\/dharmashop.de\/en\/produkt\/wie-die-mitte-des-wolkenlosen-himmels\/","title":{"rendered":"Wie die Mitte des wolkenlosen Himmels\u2026"},"content":{"rendered":"","protected":false},"excerpt":{"rendered":"<p>Herausgegeben von Martina Draszczyk<\/p>\n<p>Neuauflage (Februar 2025)<\/p>\n<p>&nbsp;<\/p>\n<p>Bei Mah\u0101mudr\u0101 geht es um die \u00bbnat\u00fcrliche Bewusstheit\u00ab\u2009. Man l\u00e4sst den Geist nat\u00fcrlich und spontan den gegenw\u00e4rtigen Bewusstseinsaugenblick erleben, die Natur des jetzigen Moments, ohne etwas anderes zu erwarten oder zu suchen, ohne etwas verbessern oder erlangen zu wollen, ohne etwas zu vermeiden oder zu verdr\u00e4ngen. Der Geist verweilt in seiner eigentlichen Natur, ohne von dem, war sich oberfl\u00e4chlich ereignet, vereinnahmt zu sein.<\/p>\n<p>Wie die Mitte des wolkenlosen Himmels\u2026 bietet eine kurze, klare Einf\u00fchrung in die Mah\u0101mudr\u0101-Praxis der Kagy\u00fc-Tradition des tibetischen Buddhismus.<\/p>\n<p>Das Buch enth\u00e4lt die \u00dcbersetzung eines Lehrgesangs des 1. Kongtrul Lodr\u00f6 Thaye sowie m\u00fcndliche Erl\u00e4uterungen, die der 3. Kongtrul Rinpoche seinen Sch\u00fclern und Sch\u00fclerinnen dazu gegeben hat.<span class=\"Apple-converted-space\">\u00a0<\/span><\/p>\n<p>In einem weiteren Text des 1. Kongtrul werden die wesentlichen Aspekte der Dharma-Praxis komprimiert gelehrt. Eine informative Einleitung, die den Kontext der Mah\u0101mudr\u0101-Lehren vermittelt, sowie ein Anhang mit Kurzbiografien der \u00bbKongtruls\u00ab komplettieren dieses Werk.<\/p>\n<p>&nbsp;<\/p>\n<p>&nbsp;<\/p>\n<p><span class=\"a-list-item\">182 pages<\/span><br \/>\nSoftcover, Klappenbroschur<\/p>","protected":false},"featured_media":19960,"template":"","meta":[],"product_brand":[],"product_cat":[65,19],"product_tag":[],"class_list":{"0":"post-9081","1":"product","2":"type-product","3":"status-publish","4":"has-post-thumbnail","6":"product_cat-buddhismus-allgemein","7":"product_cat-buecher","8":"sales-flash-overlay","9":"woocommerce-text-align-left","10":"woocommerce-image-align-center","11":"do-quantity-buttons","13":"first","14":"instock","15":"taxable","16":"shipping-taxable","17":"purchasable","18":"product-type-simple"},"acf":[],"_links":{"self":[{"href":"https:\/\/dharmashop.de\/en\/wp-json\/wp\/v2\/product\/9081","targetHints":{"allow":["GET"]}}],"collection":[{"href":"https:\/\/dharmashop.de\/en\/wp-json\/wp\/v2\/product"}],"about":[{"href":"https:\/\/dharmashop.de\/en\/wp-json\/wp\/v2\/types\/product"}],"wp:featuredmedia":[{"embeddable":true,"href":"https:\/\/dharmashop.de\/en\/wp-json\/wp\/v2\/media\/19960"}],"wp:attachment":[{"href":"https:\/\/dharmashop.de\/en\/wp-json\/wp\/v2\/media?parent=9081"}],"wp:term":[{"taxonomy":"product_brand","embeddable":true,"href":"https:\/\/dharmashop.de\/en\/wp-json\/wp\/v2\/product_brand?post=9081"},{"taxonomy":"product_cat","embeddable":true,"href":"https:\/\/dharmashop.de\/en\/wp-json\/wp\/v2\/product_cat?post=9081"},{"taxonomy":"product_tag","embeddable":true,"href":"https:\/\/dharmashop.de\/en\/wp-json\/wp\/v2\/product_tag?post=9081"}],"curies":[{"name":"wp","href":"https:\/\/api.w.org\/{rel}","templated":true}]}}