{"id":9230,"date":"2023-01-30T10:22:50","date_gmt":"2023-01-30T10:22:50","guid":{"rendered":"https:\/\/dev.dharmashop.de\/product\/qi-gong-fur-den-kopf-mit-gudrun-duda\/"},"modified":"2026-03-12T10:07:27","modified_gmt":"2026-03-12T10:07:27","slug":"der-buddha-des-mitgefuehls-erklaerungen-zur-meditationspraxis-von-chenrezig","status":"publish","type":"product","link":"https:\/\/dharmashop.de\/en\/produkt\/der-buddha-des-mitgefuehls-erklaerungen-zur-meditationspraxis-von-chenrezig\/","title":{"rendered":"The Buddha of Compassion. Explanations of Chenrezig's meditation practice"},"content":{"rendered":"","protected":false},"excerpt":{"rendered":"<p>Dieses Buch enth\u00e4lt einen Kommentar zu einer kurzen Meditationspraxis, die vom derzeitigen Dalai Lama verfasst wurde und der Entwicklung einer mitf\u00fchlenden Geisteshaltung dient. Lama Yeshe zeigt zum einen mit vielen Beispielen aus dem Alltag auf, wie wir uns durch unsere beschr\u00e4nkten Bilder von uns selbst und unseren F\u00e4higkeiten einengen. Zum anderen beschreibt er in allen Einzelheiten die Visualisierungen und Klangmeditationen, durch die wir den Buddha des Mitgef\u00fchls \u2013 der potentiell in allen Lebewesen vorhanden ist \u2013 zum Leben erwecken.<\/p>\n<p>Buchbesprechung:<br \/>\n\u201eLama Thubten Yeshe, der seine Ausbildung im Kloster Sera erhalten hatte, widmete den gr\u00f6\u00dften Teil seines kurzen Lebens \u2013 er verstarb 1984 im Alter von 49 Jahren \u2013 der Unterweisung westlicher Sch\u00fcler. Ausgehend von dem von ihm errichteten Kloster Kopan, Nepal, zog es Tausende zu seinen Kursen dort oder in die anderen 120 Zentren, die seine Sch\u00fcler \u00fcberall in der Welt unter dem Dach der FPMT (Federation for the Preservation of the Mahayana Tradition) gegr\u00fcndet haben. Das vorliegende Buch basiert auf einer Abschrift m\u00fcndlicher Unterweisungen, die Lama Yeshe als eine der ersten Einf\u00fchrungen in die tantrischen Lehren f\u00fcr westliche Sch\u00fcler im Chenrezig Institute in Australien gab. Es handelt sich um einen Kommentar zu einer kurzen Meditations\u00fcbung \u00fcber die Meditationsgottheit Chenrezig, den Buddha des Mitgef\u00fchls, die Seine Heiligkeit der Dalai Lama mit 19 Jahren verfasste. Bei dieser Guruyoga-Praxis nimmt der visualisierte Buddha das Aussehen des eigenen Lamas in seiner gew\u00f6hnlichen Form an \u2013 in diesem Fall des Dalai Lama selbst. Die Meditation \u00fcber diese Gottheit dient insbesondere der Entwicklung einer mitf\u00fchlenden Geisteshaltung. Als Einleitung in die Grundlagen dieser Praxis erl\u00e4utert der Lama die unterschiedlichen Herangehensweisen im Sutra- und Tantrafahrzeug, die Philosophie der Leerheit und die Abh\u00e4ngigkeit der Welt von der Sichtweise des Subjekts. Darauf aufbauend gibt er einen kurzen Kommentar zu den einzelnen Versen des Grundtextes und erl\u00e4utert, wie man diese Praxis in jede Minute des Lebens einflie\u00dfen lassen kann. Dabei wird die ausgefeilte Psychologie des Tantra mit dessen wunderbaren und effektiven Methoden deutlich, die den \u00dcbenden in Kontakt mit seinem Potenzial f\u00fcr Klarheit, Freude und Mitgef\u00fchl bringt. Lama Yeshe beschreibt, wie wir uns durch unsere beschr\u00e4nkten Bilder von uns selbst einengen und erkl\u00e4rt Meditationen, die das tiefste Potenzial zur Buddhaschaft erwecken helfen, das jedem Wesen innewohnt. In diesen Ausf\u00fchrungen zeigt sich \u2013 wie in allen Werken des Autors \u2013 sein besonders eindringlicher, unkonventioneller Stil. Der Leser sp\u00fcrt, dass es ihm nicht genug damit war, diese Lehren darzustellen, sondern dass er sich von Herzen bem\u00fchte, jeden einzelnen Sch\u00fcler pers\u00f6nlich anzusprechen. Dabei verwendete er gern plastische Beispiele aus dem Alltag, um die Philosophie des Tantra als praktische M\u00f6glichkeit f\u00fcr die pers\u00f6nliche \u00dcbung lebendig werden zu lassen, ohne dabei die Lehren zu verw\u00e4ssern. In der \u00dcbersetzung der Unterweisungen ins Deutsche wird deutlich, dass Lama Yeshe direkt in einem gebrochenen Englisch lehrte, und dass ihm der enge Kontakt zu den Sch\u00fclern offenbar wichtiger war als eine ausgefeilte Sprache. Wem es aber um die Essenz der Praxis geht, wird in diesem Werk eine konkrete und greifbare Einf\u00fchrung in grundlegende Praktiken des oft so mystifizierten Tantra vorfinden, die sehr geeignet ist, ein erstes Gef\u00fchl f\u00fcr das innere Wesen dieses au\u00dfergew\u00f6hnlichen spirituellen Weges zu erlangen.\u201c<\/p>","protected":false},"featured_media":18230,"template":"","meta":[],"product_brand":[],"product_cat":[65,19],"product_tag":[],"class_list":{"0":"post-9230","1":"product","2":"type-product","3":"status-publish","4":"has-post-thumbnail","6":"product_cat-buddhismus-allgemein","7":"product_cat-buecher","8":"sales-flash-overlay","9":"woocommerce-text-align-left","10":"woocommerce-image-align-center","11":"do-quantity-buttons","13":"first","14":"instock","15":"taxable","16":"shipping-taxable","17":"purchasable","18":"product-type-simple"},"acf":[],"_links":{"self":[{"href":"https:\/\/dharmashop.de\/en\/wp-json\/wp\/v2\/product\/9230","targetHints":{"allow":["GET"]}}],"collection":[{"href":"https:\/\/dharmashop.de\/en\/wp-json\/wp\/v2\/product"}],"about":[{"href":"https:\/\/dharmashop.de\/en\/wp-json\/wp\/v2\/types\/product"}],"wp:featuredmedia":[{"embeddable":true,"href":"https:\/\/dharmashop.de\/en\/wp-json\/wp\/v2\/media\/18230"}],"wp:attachment":[{"href":"https:\/\/dharmashop.de\/en\/wp-json\/wp\/v2\/media?parent=9230"}],"wp:term":[{"taxonomy":"product_brand","embeddable":true,"href":"https:\/\/dharmashop.de\/en\/wp-json\/wp\/v2\/product_brand?post=9230"},{"taxonomy":"product_cat","embeddable":true,"href":"https:\/\/dharmashop.de\/en\/wp-json\/wp\/v2\/product_cat?post=9230"},{"taxonomy":"product_tag","embeddable":true,"href":"https:\/\/dharmashop.de\/en\/wp-json\/wp\/v2\/product_tag?post=9230"}],"curies":[{"name":"wp","href":"https:\/\/api.w.org\/{rel}","templated":true}]}}