{"id":9252,"date":"2023-01-30T10:21:55","date_gmt":"2023-01-30T10:21:55","guid":{"rendered":"https:\/\/dev.dharmashop.de\/product\/gau-silber-mit-steinen\/"},"modified":"2026-03-12T10:10:27","modified_gmt":"2026-03-12T10:10:27","slug":"dorje-kartika-anhaenger-messing","status":"publish","type":"product","link":"https:\/\/dharmashop.de\/en\/produkt\/dorje-kartika-anhaenger-messing\/","title":{"rendered":"Dorje Kartika Anh\u00e4nger Messing"},"content":{"rendered":"","protected":false},"excerpt":{"rendered":"<p>3 \u00d7 3 \u00d7 1 cm, Napal<\/p>","protected":false},"featured_media":18835,"template":"","meta":[],"product_brand":[],"product_cat":[235,83],"product_tag":[],"class_list":{"0":"post-9252","1":"product","2":"type-product","3":"status-publish","4":"has-post-thumbnail","6":"product_cat-schmuck","7":"product_cat-schreinaustattung-schrein-ritualgegenstaende","8":"sales-flash-overlay","9":"woocommerce-text-align-left","10":"woocommerce-image-align-center","11":"do-quantity-buttons","13":"first","14":"instock","15":"taxable","16":"shipping-taxable","17":"purchasable","18":"product-type-simple"},"acf":[],"_links":{"self":[{"href":"https:\/\/dharmashop.de\/en\/wp-json\/wp\/v2\/product\/9252","targetHints":{"allow":["GET"]}}],"collection":[{"href":"https:\/\/dharmashop.de\/en\/wp-json\/wp\/v2\/product"}],"about":[{"href":"https:\/\/dharmashop.de\/en\/wp-json\/wp\/v2\/types\/product"}],"wp:featuredmedia":[{"embeddable":true,"href":"https:\/\/dharmashop.de\/en\/wp-json\/wp\/v2\/media\/18835"}],"wp:attachment":[{"href":"https:\/\/dharmashop.de\/en\/wp-json\/wp\/v2\/media?parent=9252"}],"wp:term":[{"taxonomy":"product_brand","embeddable":true,"href":"https:\/\/dharmashop.de\/en\/wp-json\/wp\/v2\/product_brand?post=9252"},{"taxonomy":"product_cat","embeddable":true,"href":"https:\/\/dharmashop.de\/en\/wp-json\/wp\/v2\/product_cat?post=9252"},{"taxonomy":"product_tag","embeddable":true,"href":"https:\/\/dharmashop.de\/en\/wp-json\/wp\/v2\/product_tag?post=9252"}],"curies":[{"name":"wp","href":"https:\/\/api.w.org\/{rel}","templated":true}]}}