{"id":9296,"date":"2023-01-30T10:22:06","date_gmt":"2023-01-30T10:22:06","guid":{"rendered":"https:\/\/dev.dharmashop.de\/product\/holzschlegel-205-cm\/"},"modified":"2026-04-02T07:37:12","modified_gmt":"2026-04-02T07:37:12","slug":"huelle-fuer-glocke-und-dorje-18-cm","status":"publish","type":"product","link":"https:\/\/dharmashop.de\/en\/produkt\/huelle-fuer-glocke-und-dorje-18-cm\/","title":{"rendered":"H\u00fclle f\u00fcr Glocke und Dorje (18 cm)"},"content":{"rendered":"","protected":false},"excerpt":{"rendered":"<p>Brokath\u00fclle, hochwertig. Passend f\u00fcr Glocken bis 16,5 cm hoch. Hergestellt in Nepal. Handarbeit<\/p>","protected":false},"featured_media":19612,"template":"","meta":[],"product_brand":[],"product_cat":[87,57],"product_tag":[],"class_list":{"0":"post-9296","1":"product","2":"type-product","3":"status-publish","4":"has-post-thumbnail","6":"product_cat-musikinstrumente","7":"product_cat-schrein-ritual-meditation","8":"sales-flash-overlay","9":"woocommerce-text-align-left","10":"woocommerce-image-align-center","11":"do-quantity-buttons","13":"first","14":"instock","15":"taxable","16":"shipping-taxable","17":"purchasable","18":"product-type-simple"},"acf":[],"_links":{"self":[{"href":"https:\/\/dharmashop.de\/en\/wp-json\/wp\/v2\/product\/9296","targetHints":{"allow":["GET"]}}],"collection":[{"href":"https:\/\/dharmashop.de\/en\/wp-json\/wp\/v2\/product"}],"about":[{"href":"https:\/\/dharmashop.de\/en\/wp-json\/wp\/v2\/types\/product"}],"wp:featuredmedia":[{"embeddable":true,"href":"https:\/\/dharmashop.de\/en\/wp-json\/wp\/v2\/media\/19612"}],"wp:attachment":[{"href":"https:\/\/dharmashop.de\/en\/wp-json\/wp\/v2\/media?parent=9296"}],"wp:term":[{"taxonomy":"product_brand","embeddable":true,"href":"https:\/\/dharmashop.de\/en\/wp-json\/wp\/v2\/product_brand?post=9296"},{"taxonomy":"product_cat","embeddable":true,"href":"https:\/\/dharmashop.de\/en\/wp-json\/wp\/v2\/product_cat?post=9296"},{"taxonomy":"product_tag","embeddable":true,"href":"https:\/\/dharmashop.de\/en\/wp-json\/wp\/v2\/product_tag?post=9296"}],"curies":[{"name":"wp","href":"https:\/\/api.w.org\/{rel}","templated":true}]}}