{"id":9351,"date":"2023-01-30T10:21:16","date_gmt":"2023-01-30T10:21:16","guid":{"rendered":"https:\/\/dev.dharmashop.de\/product\/holzmala-mit-5-guruperlen-dalmatiner-jaspis\/"},"modified":"2026-03-26T07:35:21","modified_gmt":"2026-03-26T07:35:21","slug":"holzmala-mit-5-guruperlen-dalmatiner-jaspis","status":"publish","type":"product","link":"https:\/\/dharmashop.de\/en\/produkt\/holzmala-mit-5-guruperlen-dalmatiner-jaspis\/","title":{"rendered":"Rosewood mala"},"content":{"rendered":"<p>&lt;<\/p>","protected":false},"excerpt":{"rendered":"<p>Prayer chain mala rosewood with 108 beads.<\/p>\n<p>GEWICHT 0.028 kg,<br \/>\nGR\u00d6SS 36 \u00d7 0.6 \u00d7 0.6 cm,<br \/>\nCOUNTRY OF ORIGIN<br \/>\nNepal,<\/p>\n<p>BEAD DIAMETER<br \/>\napprox.7mm,<\/p>\n<p>NUMBER OF BEADS,<br \/>\n108<\/p>\n<p>LENGTH<br \/>\nca.36cm,<\/p>\n<p>MATERIAL<br \/>\nRosewood (dyed)<\/p>","protected":false},"featured_media":15157,"template":"","meta":[],"product_brand":[],"product_cat":[259,263],"product_tag":[],"class_list":{"0":"post-9351","1":"product","2":"type-product","3":"status-publish","4":"has-post-thumbnail","6":"product_cat-mala-schmuck","7":"product_cat-malas-auf-108-perlen","8":"sales-flash-overlay","9":"woocommerce-text-align-left","10":"woocommerce-image-align-center","11":"do-quantity-buttons","13":"first","14":"instock","15":"taxable","16":"shipping-taxable","17":"purchasable","18":"product-type-simple"},"acf":[],"_links":{"self":[{"href":"https:\/\/dharmashop.de\/en\/wp-json\/wp\/v2\/product\/9351","targetHints":{"allow":["GET"]}}],"collection":[{"href":"https:\/\/dharmashop.de\/en\/wp-json\/wp\/v2\/product"}],"about":[{"href":"https:\/\/dharmashop.de\/en\/wp-json\/wp\/v2\/types\/product"}],"wp:featuredmedia":[{"embeddable":true,"href":"https:\/\/dharmashop.de\/en\/wp-json\/wp\/v2\/media\/15157"}],"wp:attachment":[{"href":"https:\/\/dharmashop.de\/en\/wp-json\/wp\/v2\/media?parent=9351"}],"wp:term":[{"taxonomy":"product_brand","embeddable":true,"href":"https:\/\/dharmashop.de\/en\/wp-json\/wp\/v2\/product_brand?post=9351"},{"taxonomy":"product_cat","embeddable":true,"href":"https:\/\/dharmashop.de\/en\/wp-json\/wp\/v2\/product_cat?post=9351"},{"taxonomy":"product_tag","embeddable":true,"href":"https:\/\/dharmashop.de\/en\/wp-json\/wp\/v2\/product_tag?post=9351"}],"curies":[{"name":"wp","href":"https:\/\/api.w.org\/{rel}","templated":true}]}}