{"id":9452,"date":"2023-01-30T10:21:22","date_gmt":"2023-01-30T10:21:22","guid":{"rendered":"https:\/\/dev.dharmashop.de\/product\/meditationskissen-basic-orange\/"},"modified":"2026-03-12T10:12:38","modified_gmt":"2026-03-12T10:12:38","slug":"meditationskissen-lotus-baumwolle-bio","status":"publish","type":"product","link":"https:\/\/dharmashop.de\/en\/produkt\/meditationskissen-lotus-baumwolle-bio\/","title":{"rendered":"Meditationskissen Lotus Baumwolle BIO"},"content":{"rendered":"","protected":false},"excerpt":{"rendered":"<p style=\"font-weight: 400\">Yogi &amp; Yogini Meditationskissen aus OCS 100 zertifizierter Bio-Baumwolle, gro\u00dfz\u00fcgig gef\u00fcllt mit nat\u00fcrlichen Buchweizenschalen f\u00fcr bequemen Sitzkomfort.<\/p>\n<p style=\"font-weight: 400\">Die H\u00f6he des Kissens l\u00e4sst sich ganz einfach an Ihre Bed\u00fcrfnisse anpassen, indem Sie etwas F\u00fcllung entfernen oder \u2013 mit der Zeit \u2013 mehr hinzuf\u00fcgen.<\/p>\n<p><b><strong>\u00dcber das Produkt<\/strong><\/b><br \/>\nHergestellt aus OCS 100 zertifizierter Bio-Baumwolle*<br \/>\nAu\u00dfenbezug: Gef\u00e4rbte GOTS-zertifizierte Bio-Baumwolle, mit Rei\u00dfverschluss an der Unterseite.**<br \/>\nInnenbezug: Ungef\u00e4rbte GOTS-zertifizierte Bio-Baumwolle, mit Kordelzug.<br \/>\nF\u00fcllung: Hochwertige nat\u00fcrliche Buchweizenschalen.<\/p>\n<p style=\"font-weight: 400\"><b><strong><em>Lotus<\/em><\/strong><\/b><em><br \/>\n<\/em><em>Der Lotus ist das Symbol der Transformation von Dunkelheit in\u00a0Licht, von Unwissenheit in\u00a0Wissen.<\/em><\/p>\n<p style=\"font-weight: 400\">\n<p><b><strong>Waschanleitung<\/strong><\/b><br \/>\nWir empfehlen Handw\u00e4sche in lauwarmem Wasser.<br \/>\nMaschinenw\u00e4sche bei 30 \u00b0C ist ebenfalls m\u00f6glich.<\/p>","protected":false},"featured_media":20602,"template":"","meta":[],"product_brand":[],"product_cat":[85,57],"product_tag":[],"class_list":{"0":"post-9452","1":"product","2":"type-product","3":"status-publish","4":"has-post-thumbnail","6":"product_cat-meditation","7":"product_cat-schrein-ritual-meditation","8":"sales-flash-overlay","9":"woocommerce-text-align-left","10":"woocommerce-image-align-center","11":"do-quantity-buttons","13":"first","14":"instock","15":"taxable","16":"shipping-taxable","17":"purchasable","18":"product-type-simple"},"acf":[],"_links":{"self":[{"href":"https:\/\/dharmashop.de\/en\/wp-json\/wp\/v2\/product\/9452","targetHints":{"allow":["GET"]}}],"collection":[{"href":"https:\/\/dharmashop.de\/en\/wp-json\/wp\/v2\/product"}],"about":[{"href":"https:\/\/dharmashop.de\/en\/wp-json\/wp\/v2\/types\/product"}],"wp:featuredmedia":[{"embeddable":true,"href":"https:\/\/dharmashop.de\/en\/wp-json\/wp\/v2\/media\/20602"}],"wp:attachment":[{"href":"https:\/\/dharmashop.de\/en\/wp-json\/wp\/v2\/media?parent=9452"}],"wp:term":[{"taxonomy":"product_brand","embeddable":true,"href":"https:\/\/dharmashop.de\/en\/wp-json\/wp\/v2\/product_brand?post=9452"},{"taxonomy":"product_cat","embeddable":true,"href":"https:\/\/dharmashop.de\/en\/wp-json\/wp\/v2\/product_cat?post=9452"},{"taxonomy":"product_tag","embeddable":true,"href":"https:\/\/dharmashop.de\/en\/wp-json\/wp\/v2\/product_tag?post=9452"}],"curies":[{"name":"wp","href":"https:\/\/api.w.org\/{rel}","templated":true}]}}