{"id":9453,"date":"2023-01-30T10:22:12","date_gmt":"2023-01-30T10:22:12","guid":{"rendered":"https:\/\/dev.dharmashop.de\/product\/melong-scheibe\/"},"modified":"2026-04-23T08:04:18","modified_gmt":"2026-04-23T08:04:18","slug":"gebetsmuehle-mit-gruener-tara-tischmodell","status":"publish","type":"product","link":"https:\/\/dharmashop.de\/en\/produkt\/gebetsmuehle-mit-gruener-tara-tischmodell\/","title":{"rendered":"Gebetsm\u00fchle mit Gr\u00fcner Tara Tischmodell"},"content":{"rendered":"","protected":false},"excerpt":{"rendered":"<div class=\"prod-desc-container expandable expanded\">\n<div class=\"prod-desc-wrapper\">\n<div class=\"product-long-description\">\n<p><strong>Materialien<\/strong><br \/>\nSt\u00e4nder: Messing<br \/>\nGebetsm\u00fchle: Kupfer<br \/>\nSilben: Wei\u00dfmetall<\/p>\n<p><strong>Was ist die Funktion eines Gebetsm\u00fchle?<\/strong><br \/>\nDie Verwendung einer Gebetsm\u00fchle stammt aus der tibetisch-buddhistischen Tradition. Eine Trommel mit einem Mantra &#8211; oft Om mani padme hum, das Mantra des Mitgef\u00fchls &#8211; wird gedreht, um die Energie der heiligen Kl\u00e4nge in den Raum zu lenken. Auf diese Weise werden Ihre unmittelbare Umgebung, Ihr K\u00f6rper und Ihr Bewusstsein gereinigt und mit der positiven Energie dieses Mantras aufgeladen. Typisch widmet man die so entstandene positive Energie dem Wohl aller Lebewesen; denn Mitgef\u00fchl ist die Eigenschaft, die alle Lebewesen vom Leiden und den Ursachen des Leids befreien kann.<\/p>\n<\/div>\n<\/div>\n<\/div>\n<div class=\"product-specifications\">\n<h2><\/h2>\n<div class=\"spec-list\">\n<div class=\"spec-item\"><\/div>\n<div class=\"spec-item\">\n<div class=\"spec-value\"><\/div>\n<\/div>\n<div class=\"spec-item\">\n<div class=\"spec-desc\">Material<\/div>\n<div class=\"spec-value\">Brass,<\/div>\n<\/div>\n<div class=\"spec-item\">\n<div class=\"spec-desc\">Gr\u00f6\u00dfe cm<\/div>\n<div class=\"spec-value\">18 x 7 x 6,<\/div>\n<\/div>\n<div class=\"spec-item\">\n<div class=\"spec-desc\">Gesamtgewicht gr<\/div>\n<div class=\"spec-value\">313,<\/div>\n<\/div>\n<div class=\"spec-item\">\n<div class=\"spec-desc\">Ursprungsland<\/div>\n<div class=\"spec-value\">Nepal<\/div>\n<\/div>\n<\/div>\n<\/div>","protected":false},"featured_media":20770,"template":"","meta":[],"product_brand":[],"product_cat":[57,83],"product_tag":[],"class_list":{"0":"post-9453","1":"product","2":"type-product","3":"status-publish","4":"has-post-thumbnail","6":"product_cat-schrein-ritual-meditation","7":"product_cat-schreinaustattung-schrein-ritualgegenstaende","8":"sales-flash-overlay","9":"woocommerce-text-align-left","10":"woocommerce-image-align-center","11":"do-quantity-buttons","13":"first","14":"instock","15":"taxable","16":"shipping-taxable","17":"purchasable","18":"product-type-simple"},"acf":[],"_links":{"self":[{"href":"https:\/\/dharmashop.de\/en\/wp-json\/wp\/v2\/product\/9453","targetHints":{"allow":["GET"]}}],"collection":[{"href":"https:\/\/dharmashop.de\/en\/wp-json\/wp\/v2\/product"}],"about":[{"href":"https:\/\/dharmashop.de\/en\/wp-json\/wp\/v2\/types\/product"}],"wp:featuredmedia":[{"embeddable":true,"href":"https:\/\/dharmashop.de\/en\/wp-json\/wp\/v2\/media\/20770"}],"wp:attachment":[{"href":"https:\/\/dharmashop.de\/en\/wp-json\/wp\/v2\/media?parent=9453"}],"wp:term":[{"taxonomy":"product_brand","embeddable":true,"href":"https:\/\/dharmashop.de\/en\/wp-json\/wp\/v2\/product_brand?post=9453"},{"taxonomy":"product_cat","embeddable":true,"href":"https:\/\/dharmashop.de\/en\/wp-json\/wp\/v2\/product_cat?post=9453"},{"taxonomy":"product_tag","embeddable":true,"href":"https:\/\/dharmashop.de\/en\/wp-json\/wp\/v2\/product_tag?post=9453"}],"curies":[{"name":"wp","href":"https:\/\/api.w.org\/{rel}","templated":true}]}}