{"id":9549,"date":"2023-01-30T10:21:38","date_gmt":"2023-01-30T10:21:38","guid":{"rendered":"https:\/\/dev.dharmashop.de\/product\/kalachakra-mandala\/"},"modified":"2026-03-12T10:11:30","modified_gmt":"2026-03-12T10:11:30","slug":"klappkarte-malwina","status":"publish","type":"product","link":"https:\/\/dharmashop.de\/en\/produkt\/klappkarte-malwina\/","title":{"rendered":"Klappkarte \u2013 Malwina aus Bambus"},"content":{"rendered":"","protected":false},"excerpt":{"rendered":"<p>Product information:<br \/>\n\u2022 Material: Hochwertiges Bambus-Premiumpapier mit einer Grammatur von 265 g und in den Ma\u00dfen 16,5 cm \u00d7 11,5 cm. Kombiniert mit einem eleganten Umschlag aus Kraftpapier mit 125 g.<br \/>\n\u2022 Optik &amp; Haptik: Erlebe die ansprechende Optik und Haptik dank der ungestrichenen Oberfl\u00e4che, die eine besondere \u00c4sthetik bietet.<br \/>\n\u2022 Nachhaltigkeit: Bambus ist eine schnell nachwachsende, umweltfreundliche Ressource, die weniger Pestizide und D\u00fcngemittel ben\u00f6tigt. Zudem absorbiert er mehr Kohlendioxid und produziert mehr Sauerstoff als viele B\u00e4ume.<\/p>","protected":false},"featured_media":19837,"template":"","meta":[],"product_brand":[],"product_cat":[89,57],"product_tag":[],"class_list":{"0":"post-9549","1":"product","2":"type-product","3":"status-publish","4":"has-post-thumbnail","6":"product_cat-postkarten-poster","7":"product_cat-schrein-ritual-meditation","8":"sales-flash-overlay","9":"woocommerce-text-align-left","10":"woocommerce-image-align-center","11":"do-quantity-buttons","13":"first","14":"instock","15":"taxable","16":"shipping-taxable","17":"purchasable","18":"product-type-simple"},"acf":[],"_links":{"self":[{"href":"https:\/\/dharmashop.de\/en\/wp-json\/wp\/v2\/product\/9549","targetHints":{"allow":["GET"]}}],"collection":[{"href":"https:\/\/dharmashop.de\/en\/wp-json\/wp\/v2\/product"}],"about":[{"href":"https:\/\/dharmashop.de\/en\/wp-json\/wp\/v2\/types\/product"}],"wp:featuredmedia":[{"embeddable":true,"href":"https:\/\/dharmashop.de\/en\/wp-json\/wp\/v2\/media\/19837"}],"wp:attachment":[{"href":"https:\/\/dharmashop.de\/en\/wp-json\/wp\/v2\/media?parent=9549"}],"wp:term":[{"taxonomy":"product_brand","embeddable":true,"href":"https:\/\/dharmashop.de\/en\/wp-json\/wp\/v2\/product_brand?post=9549"},{"taxonomy":"product_cat","embeddable":true,"href":"https:\/\/dharmashop.de\/en\/wp-json\/wp\/v2\/product_cat?post=9549"},{"taxonomy":"product_tag","embeddable":true,"href":"https:\/\/dharmashop.de\/en\/wp-json\/wp\/v2\/product_tag?post=9549"}],"curies":[{"name":"wp","href":"https:\/\/api.w.org\/{rel}","templated":true}]}}