{"id":9605,"date":"2023-01-30T10:21:44","date_gmt":"2023-01-30T10:21:44","guid":{"rendered":"https:\/\/dev.dharmashop.de\/product\/tsongkapa\/"},"modified":"2026-03-12T10:11:07","modified_gmt":"2026-03-12T10:11:07","slug":"klappkarte-yogibaer-aus-bambus","status":"publish","type":"product","link":"https:\/\/dharmashop.de\/en\/produkt\/klappkarte-yogibaer-aus-bambus\/","title":{"rendered":"Klappkarte-Yogib\u00e4r aus Bambus"},"content":{"rendered":"","protected":false},"excerpt":{"rendered":"<div class=\"sc-c06d040e-0 dcWxHP f_flex_base f_flex_single_value_direction\">\n<div class=\"f_flex_base f_flex_single_value_gap f_flex_single_value_direction\"><\/div>\n<\/div>\n<div class=\"sc-3dac027-0 hfqKrN sc-4508dc4f-1 bXUcsY f_flex_base f_flex_single_value_direction\">\n<div class=\"sc-5ced14b0-0 dRHyyR f_flex_base f_flex_single_value_direction\" data-test-id=\"product-detail-header\">\n<div class=\"f_flex_base f_flex_single_value_direction\">\n<div class=\"f_flex_base f_flex_single_value_direction\">\n<h1 class=\"sc-b7a1270-0 fqdjvn\" data-test-id=\"product-name\"><\/h1>\n<\/div>\n<div class=\"f_flex_base f_flex_single_value_align f_flex_single_value_direction\">\n<div class=\"sc-d46e2917-0 cFhegY\"><\/div>\n<\/div>\n<\/div>\n<\/div>\n<\/div>\n<div class=\"f_spacer_base f_spacer_single_value_fb f_spacer_single_value_min_width f_spacer_single_value_min_height\"><\/div>\n<div class=\"sc-5ced14b0-0 dRHyyR f_flex_base f_flex_single_value_direction\" data-test-id=\"product-detail-header\"><\/div>\n<div class=\"f_flex_base f_flex_single_value_gap f_flex_single_value_direction\">\n<div class=\"sc-9992df3d-1 djYmcH f_flex_base f_flex_single_value_align f_flex_single_value_direction\" data-test-id=\"productPromoBanner:INSIDER_UPSELL\">\n<p class=\"f_t_base f_t_color sc-9992df3d-2 crmmkM f_t_paragraphSansRegular\">\n<\/div>\n<\/div>\n<div class=\"f_spacer_base f_spacer_variable_fb f_spacer_variable_min_width f_spacer_variable_min_height\"><\/div>\n<div class=\"sc-c0af844a-0 fIXKXc f_flex_base f_flex_single_value_direction\">\n<hr \/>\n<div class=\"sc-1302a232-0 kHQhhA f_flex_base f_flex_single_value_direction\">\n<div class=\"f_flex_base f_flex_single_value_direction\">\n<div class=\"f_spacer_base f_spacer_single_value_fb f_spacer_single_value_min_width f_spacer_single_value_min_height\"><\/div>\n<div class=\"sc-7fdf59ed-0 fIqrgO\" data-test-id=\"accordion-text\">\n<p class=\"f_t_base f_t_color f_t_paragraphSansRegular\">Klappkarte Yogib\u00e4r \u2013 aus Bambus Produktinformationen: \u2022 Material: Hochwertiges Bambus-Premiumpapier mit einer Grammatur von 265 g und in den Ma\u00dfen 16,5 cm \u00d7 11,5 cm. Kombiniert mit einem eleganten Umschlag aus Kraftpapier mit 125 g. \u2022 Optik &amp; Haptik: Erlebe die ansprechende Optik und Haptik dank der ungestrichenen Oberfl\u00e4che, die eine besondere \u00c4sthetik bietet. \u2022 Nachhaltigkeit: Bambus ist eine schnell nachwachsende, umweltfreundliche Ressource, die weniger Pestizide und D\u00fcngemittel ben\u00f6tigt. Zudem absorbiert er mehr Kohlendioxid und produziert mehr Sauerstoff als viele B\u00e4ume. \u2022 Druckqualit\u00e4t: Unser Druck erfolgt in enger Zusammenarbeit mit K\u00fcnstlerin Hanna Ligeti, um einzigartige Designs zu gew\u00e4hrleisten.<\/p>\n<\/div>\n<\/div>\n<\/div>\n<\/div>","protected":false},"featured_media":19835,"template":"","meta":[],"product_brand":[],"product_cat":[89],"product_tag":[],"class_list":{"0":"post-9605","1":"product","2":"type-product","3":"status-publish","4":"has-post-thumbnail","6":"product_cat-postkarten-poster","7":"sales-flash-overlay","8":"woocommerce-text-align-left","9":"woocommerce-image-align-center","10":"do-quantity-buttons","12":"first","13":"instock","14":"taxable","15":"shipping-taxable","16":"purchasable","17":"product-type-simple"},"acf":[],"_links":{"self":[{"href":"https:\/\/dharmashop.de\/en\/wp-json\/wp\/v2\/product\/9605","targetHints":{"allow":["GET"]}}],"collection":[{"href":"https:\/\/dharmashop.de\/en\/wp-json\/wp\/v2\/product"}],"about":[{"href":"https:\/\/dharmashop.de\/en\/wp-json\/wp\/v2\/types\/product"}],"wp:featuredmedia":[{"embeddable":true,"href":"https:\/\/dharmashop.de\/en\/wp-json\/wp\/v2\/media\/19835"}],"wp:attachment":[{"href":"https:\/\/dharmashop.de\/en\/wp-json\/wp\/v2\/media?parent=9605"}],"wp:term":[{"taxonomy":"product_brand","embeddable":true,"href":"https:\/\/dharmashop.de\/en\/wp-json\/wp\/v2\/product_brand?post=9605"},{"taxonomy":"product_cat","embeddable":true,"href":"https:\/\/dharmashop.de\/en\/wp-json\/wp\/v2\/product_cat?post=9605"},{"taxonomy":"product_tag","embeddable":true,"href":"https:\/\/dharmashop.de\/en\/wp-json\/wp\/v2\/product_tag?post=9605"}],"curies":[{"name":"wp","href":"https:\/\/api.w.org\/{rel}","templated":true}]}}