{"id":9693,"date":"2023-01-30T10:21:50","date_gmt":"2023-01-30T10:21:50","guid":{"rendered":"https:\/\/dev.dharmashop.de\/product\/white-tara-incense\/"},"modified":"2026-03-12T10:10:40","modified_gmt":"2026-03-12T10:10:40","slug":"raeucherstaebchenhalter-raeucherkiste-aus-holz","status":"publish","type":"product","link":"https:\/\/dharmashop.de\/en\/produkt\/raeucherstaebchenhalter-raeucherkiste-aus-holz\/","title":{"rendered":"R\u00e4ucherst\u00e4bchenhalter &#8211; R\u00e4ucherkiste aus Holz"},"content":{"rendered":"","protected":false},"excerpt":{"rendered":"<p>Diese Kiste ist sowohl f\u00fcr St\u00e4bchen, als auch f\u00fcr R\u00e4ucherkegel geeignet, hat ein Vorratsfach und schlie\u00dft man die Kiste dr\u00fcckt sich dichter Rauch meditativ durch die ornamentischen \u00d6ffnungen im Deckel. Hinzu kommt nat\u00fcrlich der Vorteil, dass die Asche anschlie\u00dfend leicht zu entsorgen ist. Die Gef\u00e4\u00dfe sind feuerfest und kunstvoll gestaltet. Gr\u00f6\u00dfe ca 30,5 x 5,5 x 6cm<\/p>","protected":false},"featured_media":18438,"template":"","meta":[],"product_brand":[],"product_cat":[247,57],"product_tag":[],"class_list":{"0":"post-9693","1":"product","2":"type-product","3":"status-publish","4":"has-post-thumbnail","6":"product_cat-raeucherstaebchenraeucherwerk","7":"product_cat-schrein-ritual-meditation","8":"sales-flash-overlay","9":"woocommerce-text-align-left","10":"woocommerce-image-align-center","11":"do-quantity-buttons","12":"wc-has-gallery","14":"first","15":"instock","16":"taxable","17":"shipping-taxable","18":"purchasable","19":"product-type-simple"},"acf":[],"_links":{"self":[{"href":"https:\/\/dharmashop.de\/en\/wp-json\/wp\/v2\/product\/9693","targetHints":{"allow":["GET"]}}],"collection":[{"href":"https:\/\/dharmashop.de\/en\/wp-json\/wp\/v2\/product"}],"about":[{"href":"https:\/\/dharmashop.de\/en\/wp-json\/wp\/v2\/types\/product"}],"wp:featuredmedia":[{"embeddable":true,"href":"https:\/\/dharmashop.de\/en\/wp-json\/wp\/v2\/media\/18438"}],"wp:attachment":[{"href":"https:\/\/dharmashop.de\/en\/wp-json\/wp\/v2\/media?parent=9693"}],"wp:term":[{"taxonomy":"product_brand","embeddable":true,"href":"https:\/\/dharmashop.de\/en\/wp-json\/wp\/v2\/product_brand?post=9693"},{"taxonomy":"product_cat","embeddable":true,"href":"https:\/\/dharmashop.de\/en\/wp-json\/wp\/v2\/product_cat?post=9693"},{"taxonomy":"product_tag","embeddable":true,"href":"https:\/\/dharmashop.de\/en\/wp-json\/wp\/v2\/product_tag?post=9693"}],"curies":[{"name":"wp","href":"https:\/\/api.w.org\/{rel}","templated":true}]}}