{"id":9751,"date":"2023-01-30T10:22:17","date_gmt":"2023-01-30T10:22:17","guid":{"rendered":"https:\/\/dev.dharmashop.de\/product\/glocke-und-dorje-mit-brokathulle-2\/"},"modified":"2026-03-12T10:08:54","modified_gmt":"2026-03-12T10:08:54","slug":"klangschale-gegossen-messing-schwarz","status":"publish","type":"product","link":"https:\/\/dharmashop.de\/en\/produkt\/klangschale-gegossen-messing-schwarz\/","title":{"rendered":"Klangschale gegossen Messing"},"content":{"rendered":"<p>\/p&gt;<\/p>","protected":false},"excerpt":{"rendered":"<p>Gr\u00f6\u00dfe 8.5 \u00d7 8.5 \u00d7 4.5 cm, hergestellt in Nepal<\/p>","protected":false},"featured_media":18562,"template":"","meta":[],"product_brand":[],"product_cat":[87,57],"product_tag":[],"class_list":{"0":"post-9751","1":"product","2":"type-product","3":"status-publish","4":"has-post-thumbnail","6":"product_cat-musikinstrumente","7":"product_cat-schrein-ritual-meditation","8":"sales-flash-overlay","9":"woocommerce-text-align-left","10":"woocommerce-image-align-center","11":"do-quantity-buttons","13":"first","14":"instock","15":"taxable","16":"shipping-taxable","17":"purchasable","18":"product-type-simple"},"acf":[],"_links":{"self":[{"href":"https:\/\/dharmashop.de\/en\/wp-json\/wp\/v2\/product\/9751","targetHints":{"allow":["GET"]}}],"collection":[{"href":"https:\/\/dharmashop.de\/en\/wp-json\/wp\/v2\/product"}],"about":[{"href":"https:\/\/dharmashop.de\/en\/wp-json\/wp\/v2\/types\/product"}],"wp:featuredmedia":[{"embeddable":true,"href":"https:\/\/dharmashop.de\/en\/wp-json\/wp\/v2\/media\/18562"}],"wp:attachment":[{"href":"https:\/\/dharmashop.de\/en\/wp-json\/wp\/v2\/media?parent=9751"}],"wp:term":[{"taxonomy":"product_brand","embeddable":true,"href":"https:\/\/dharmashop.de\/en\/wp-json\/wp\/v2\/product_brand?post=9751"},{"taxonomy":"product_cat","embeddable":true,"href":"https:\/\/dharmashop.de\/en\/wp-json\/wp\/v2\/product_cat?post=9751"},{"taxonomy":"product_tag","embeddable":true,"href":"https:\/\/dharmashop.de\/en\/wp-json\/wp\/v2\/product_tag?post=9751"}],"curies":[{"name":"wp","href":"https:\/\/api.w.org\/{rel}","templated":true}]}}