{"id":9894,"date":"2023-03-09T17:32:53","date_gmt":"2023-03-09T17:32:53","guid":{"rendered":"https:\/\/dev.dharmashop.de\/product\/guru-rinopche\/"},"modified":"2026-03-12T10:04:59","modified_gmt":"2026-03-12T10:04:59","slug":"dorje-sempa","status":"publish","type":"product","link":"https:\/\/dharmashop.de\/en\/produkt\/dorje-sempa\/","title":{"rendered":"Avalokiteshvara ( Tausendarmiger Chenresig) Thangka-Gem\u00e4lde, seidengerahmt"},"content":{"rendered":"","protected":false},"excerpt":{"rendered":"<p>Abmessungen: 126 x 93 cm . Bild\u00a0 45 x 64cm. Materialien: Tibetischer Goldstaub, wertvolle und halbedelbare nat\u00fcrliche Mineralien gemischt mit Hautkleber. Leinwand: Bio-Baumwolle .Mit goldenen Abschl\u00fcssen. Handbemalt in Nepal. Avalokiteshvara ist die Verk\u00f6rperung all des Mitgef\u00fchls, das sowohl erleuchtete als auch solche, die nach Erleuchtung streben, erfahren.<\/p>","protected":false},"featured_media":18444,"template":"","meta":[],"product_brand":[],"product_cat":[79,21],"product_tag":[24],"class_list":{"0":"post-9894","1":"product","2":"type-product","3":"status-publish","4":"has-post-thumbnail","6":"product_cat-thangkas-thangkas","7":"product_cat-thangkas","8":"product_tag-popular","9":"sales-flash-overlay","10":"woocommerce-text-align-left","11":"woocommerce-image-align-center","12":"do-quantity-buttons","13":"wc-has-gallery","15":"first","16":"instock","17":"taxable","18":"shipping-taxable","19":"purchasable","20":"product-type-simple"},"acf":[],"_links":{"self":[{"href":"https:\/\/dharmashop.de\/en\/wp-json\/wp\/v2\/product\/9894","targetHints":{"allow":["GET"]}}],"collection":[{"href":"https:\/\/dharmashop.de\/en\/wp-json\/wp\/v2\/product"}],"about":[{"href":"https:\/\/dharmashop.de\/en\/wp-json\/wp\/v2\/types\/product"}],"wp:featuredmedia":[{"embeddable":true,"href":"https:\/\/dharmashop.de\/en\/wp-json\/wp\/v2\/media\/18444"}],"wp:attachment":[{"href":"https:\/\/dharmashop.de\/en\/wp-json\/wp\/v2\/media?parent=9894"}],"wp:term":[{"taxonomy":"product_brand","embeddable":true,"href":"https:\/\/dharmashop.de\/en\/wp-json\/wp\/v2\/product_brand?post=9894"},{"taxonomy":"product_cat","embeddable":true,"href":"https:\/\/dharmashop.de\/en\/wp-json\/wp\/v2\/product_cat?post=9894"},{"taxonomy":"product_tag","embeddable":true,"href":"https:\/\/dharmashop.de\/en\/wp-json\/wp\/v2\/product_tag?post=9894"}],"curies":[{"name":"wp","href":"https:\/\/api.w.org\/{rel}","templated":true}]}}