{"id":9933,"date":"2023-01-30T10:23:17","date_gmt":"2023-01-30T10:23:17","guid":{"rendered":"https:\/\/dev.dharmashop.de\/product\/damen-t-shirt-mit-aufdruck-weinrot\/"},"modified":"2026-03-12T10:05:59","modified_gmt":"2026-03-12T10:05:59","slug":"armstulpen-wolle-strickstulpen-rot","status":"publish","type":"product","link":"https:\/\/dharmashop.de\/en\/produkt\/armstulpen-wolle-strickstulpen-rot\/","title":{"rendered":"Armstulpen Wolle, Strickstulpen rot"},"content":{"rendered":"","protected":false},"excerpt":{"rendered":"<p>Armstulpen aus Wolle &#8211; Strickstulpen &#8211; rot mit Muster &#8211; Pulsw\u00e4rmer mit Fleece.\u00a0 Gr\u00f6\u00dfe: Einheitsgr\u00f6\u00dfe (L\u00e4nge 29 cm) Material: 100% Wolle au\u00dfen, 100 % Fleece (Polyester) innen<\/p>","protected":false},"featured_media":18428,"template":"","meta":[],"product_brand":[],"product_cat":[99,61],"product_tag":[],"class_list":{"0":"post-9933","1":"product","2":"type-product","3":"status-publish","4":"has-post-thumbnail","6":"product_cat-kleidung","7":"product_cat-textilien","8":"sales-flash-overlay","9":"woocommerce-text-align-left","10":"woocommerce-image-align-center","11":"do-quantity-buttons","13":"first","14":"outofstock","15":"taxable","16":"shipping-taxable","17":"purchasable","18":"product-type-simple"},"acf":[],"_links":{"self":[{"href":"https:\/\/dharmashop.de\/en\/wp-json\/wp\/v2\/product\/9933","targetHints":{"allow":["GET"]}}],"collection":[{"href":"https:\/\/dharmashop.de\/en\/wp-json\/wp\/v2\/product"}],"about":[{"href":"https:\/\/dharmashop.de\/en\/wp-json\/wp\/v2\/types\/product"}],"wp:featuredmedia":[{"embeddable":true,"href":"https:\/\/dharmashop.de\/en\/wp-json\/wp\/v2\/media\/18428"}],"wp:attachment":[{"href":"https:\/\/dharmashop.de\/en\/wp-json\/wp\/v2\/media?parent=9933"}],"wp:term":[{"taxonomy":"product_brand","embeddable":true,"href":"https:\/\/dharmashop.de\/en\/wp-json\/wp\/v2\/product_brand?post=9933"},{"taxonomy":"product_cat","embeddable":true,"href":"https:\/\/dharmashop.de\/en\/wp-json\/wp\/v2\/product_cat?post=9933"},{"taxonomy":"product_tag","embeddable":true,"href":"https:\/\/dharmashop.de\/en\/wp-json\/wp\/v2\/product_tag?post=9933"}],"curies":[{"name":"wp","href":"https:\/\/api.w.org\/{rel}","templated":true}]}}